{"id":14,"date":"2025-07-10T11:02:11","date_gmt":"2025-07-10T09:02:11","guid":{"rendered":"https:\/\/electricienera.fr\/?page_id=14"},"modified":"2026-02-16T10:05:12","modified_gmt":"2026-02-16T09:05:12","slug":"contact","status":"publish","type":"page","link":"https:\/\/electricienera.fr\/?page_id=14","title":{"rendered":"Contact"},"content":{"rendered":"\n<div class=\"wp-block-group alignfull has-global-padding is-layout-constrained wp-container-core-group-is-layout-3af251ef wp-block-group-is-layout-constrained\" style=\"padding-top:var(--wp--preset--spacing--superbspacing-xxlarge);padding-right:var(--wp--preset--spacing--superbspacing-medium);padding-bottom:var(--wp--preset--spacing--superbspacing-xxlarge);padding-left:var(--wp--preset--spacing--superbspacing-medium)\">\n<div class=\"wp-block-columns alignwide is-layout-flex wp-container-core-columns-is-layout-83cf590f wp-block-columns-is-layout-flex\">\n<div class=\"wp-block-column is-vertically-aligned-center is-layout-flow wp-container-core-column-is-layout-40a2a7e8 wp-block-column-is-layout-flow\" style=\"padding-right:0;padding-bottom:0;padding-left:0\">\n<figure class=\"wp-block-image size-large has-custom-border wp-duotone-unset-1\"><img decoding=\"async\" width=\"768\" height=\"1024\" src=\"https:\/\/electricienera.fr\/wp-content\/uploads\/2025\/07\/20230627_095527-768x1024.jpg\" alt=\"\" class=\"wp-image-38\" style=\"border-radius:16px\" srcset=\"https:\/\/electricienera.fr\/wp-content\/uploads\/2025\/07\/20230627_095527-768x1024.jpg 768w, https:\/\/electricienera.fr\/wp-content\/uploads\/2025\/07\/20230627_095527-225x300.jpg 225w, https:\/\/electricienera.fr\/wp-content\/uploads\/2025\/07\/20230627_095527-1152x1536.jpg 1152w, https:\/\/electricienera.fr\/wp-content\/uploads\/2025\/07\/20230627_095527-1536x2048.jpg 1536w, https:\/\/electricienera.fr\/wp-content\/uploads\/2025\/07\/20230627_095527-scaled.jpg 1920w\" sizes=\"(max-width: 768px) 100vw, 768px\" \/><\/figure>\n<\/div>\n\n\n\n<div class=\"wp-block-column is-vertically-aligned-center is-layout-flow wp-container-core-column-is-layout-30be4402 wp-block-column-is-layout-flow\">\n<div class=\"wp-block-group has-global-padding is-layout-constrained wp-container-core-group-is-layout-c40a8074 wp-block-group-is-layout-constrained\">\n<h3 class=\"wp-block-heading has-text-align-left has-contrast-color has-text-color has-superbfont-large-font-size\">Contactez nous<\/h3>\n\n\n\n<p class=\"has-text-align-left has-secondary-color has-text-color has-superbfont-small-font-size\">Vous avez un projet, une question ou besoin d&#8217;un d\u00e9pannage \u00e9lectrique ?<\/p>\n\n\n\n<p>Je suis \u00e0 votre \u00e9coute !<\/p>\n<\/div>\n\n\n\n<div class=\"wp-block-group has-global-padding is-layout-constrained wp-container-core-group-is-layout-85cc789f wp-block-group-is-layout-constrained\">\n<div class=\"wp-block-columns is-layout-flex wp-container-core-columns-is-layout-596307b8 wp-block-columns-is-layout-flex\">\n<div class=\"wp-block-column is-layout-flow wp-container-core-column-is-layout-c39a6912 wp-block-column-is-layout-flow\">\n<figure class=\"wp-block-image size-large is-resized\"><img decoding=\"async\" src=\"https:\/\/electricienera.fr\/wp-content\/uploads\/2025\/07\/icon-email.png\" alt=\"\" style=\"width:32px;height:32px\"\/><\/figure>\n\n\n\n<div class=\"wp-block-group has-base-background-color has-background is-vertical is-layout-flex wp-container-core-group-is-layout-da6736d2 wp-block-group-is-layout-flex\" style=\"border-style:none;border-width:0px;border-radius:0px;padding-top:0;padding-right:0;padding-bottom:0;padding-left:0\">\n<h2 class=\"wp-block-heading has-primary-color has-text-color has-superbfont-xxsmall-font-size\">Email <\/h2>\n\n\n\n<p class=\"has-secondary-color has-text-color has-superbfont-small-font-size\"><a href=\"mailto:electricien.era@gmail.com\">electricien.era@gmail.com<\/a><\/p>\n<\/div>\n<\/div>\n\n\n\n<div class=\"wp-block-column is-layout-flow wp-container-core-column-is-layout-c39a6912 wp-block-column-is-layout-flow\">\n<figure class=\"wp-block-image size-large is-resized\"><img decoding=\"async\" src=\"https:\/\/electricienera.fr\/wp-content\/uploads\/2025\/07\/icon-phone-call.png\" alt=\"\" style=\"width:32px;height:32px\"\/><\/figure>\n\n\n\n<div class=\"wp-block-group has-base-background-color has-background is-vertical is-layout-flex wp-container-core-group-is-layout-da6736d2 wp-block-group-is-layout-flex\" style=\"border-style:none;border-width:0px;border-radius:0px;padding-top:0;padding-right:0;padding-bottom:0;padding-left:0\">\n<h2 class=\"wp-block-heading has-primary-color has-text-color has-superbfont-xxsmall-font-size\">t\u00e9l\u00e9phone ligne directe<\/h2>\n\n\n\n<p class=\"has-contrast-dark-color has-text-color has-link-color has-superbfont-small-font-size wp-elements-e7a23562ea324471479a22b5ac75cd86\"><a href=\"tel:0603561101\">0603561101<\/a><\/p>\n<\/div>\n<\/div>\n<\/div>\n\n\n\n<div class=\"wp-block-columns is-layout-flex wp-container-core-columns-is-layout-596307b8 wp-block-columns-is-layout-flex\">\n<div class=\"wp-block-column is-layout-flow wp-container-core-column-is-layout-c39a6912 wp-block-column-is-layout-flow\">\n<figure class=\"wp-block-image size-large is-resized\"><img decoding=\"async\" src=\"https:\/\/electricienera.fr\/wp-content\/uploads\/2025\/07\/icon-clock-afternoon.png\" alt=\"\" style=\"width:32px;height:32px\"\/><\/figure>\n\n\n\n<div class=\"wp-block-group has-base-background-color has-background is-vertical is-layout-flex wp-container-core-group-is-layout-da6736d2 wp-block-group-is-layout-flex\" style=\"border-style:none;border-width:0px;border-radius:0px;padding-top:0;padding-right:0;padding-bottom:0;padding-left:0\">\n<h2 class=\"wp-block-heading has-primary-color has-text-color has-superbfont-xxsmall-font-size\">heure d&#8217;ouverture<\/h2>\n\n\n\n<p class=\"has-secondary-color has-text-color has-superbfont-small-font-size\">lundi &#8211; samedi<br>07:00 &#8211; 19:00<\/p>\n<\/div>\n<\/div>\n\n\n\n<div class=\"wp-block-column is-layout-flow wp-container-core-column-is-layout-c39a6912 wp-block-column-is-layout-flow\">\n<figure class=\"wp-block-image size-large is-resized\"><img decoding=\"async\" src=\"https:\/\/electricienera.fr\/wp-content\/uploads\/2025\/07\/icon-push-pin-simple.png\" alt=\"\" style=\"width:32px;height:32px\"\/><\/figure>\n\n\n\n<div class=\"wp-block-group has-base-background-color has-background is-vertical is-layout-flex wp-container-core-group-is-layout-da6736d2 wp-block-group-is-layout-flex\" style=\"border-style:none;border-width:0px;border-radius:0px;padding-top:0;padding-right:0;padding-bottom:0;padding-left:0\">\n<h2 class=\"wp-block-heading has-primary-color has-text-color has-superbfont-xxsmall-font-size\">Adresse<\/h2>\n\n\n\n<p class=\"has-secondary-color has-text-color has-superbfont-small-font-size\">356 rue des Mignoti\u00e8res<\/p>\n\n\n\n<p>69730 GENAY<\/p>\n<\/div>\n<\/div>\n<\/div>\n<\/div>\n<\/div>\n<\/div>\n\n\n\n<div class=\"wp-block-buttons is-content-justification-center is-layout-flex wp-container-core-buttons-is-layout-a89b3969 wp-block-buttons-is-layout-flex\">\n<div class=\"wp-block-button\"><a class=\"wp-block-button__link has-vivid-cyan-blue-background-color has-background wp-element-button\" href=\"tel:0603561101\">Contacter nous<\/a><\/div>\n<\/div>\n<\/div>\n\n\n\n<script defer async src='https:\/\/cdn.trustindex.io\/loader.js?56c65d14973e88857e763932957'><\/script>\n\n\n\n\n\n<div class=\"wp-block-superb-addons-google-maps\"><div class=\"superbaddons-google-maps-block\" style=\"border-radius:0.5%;height:300px\"><iframe width=\"100%\" height=\"300px\" frameborder=\"0\" margin=\"0\" padding=\"0\" referrerpolicy=\"no-referrer-when-downgrade\" src=\"https:\/\/maps.google.com\/maps?width=100%&amp;height=100%&amp;q=ERA 356 rue des mignoti\u00e8res 69730 Genay&amp;t=&amp;z=10&amp;hl=fr&amp;ie=UTF8&amp;iwloc=B&amp;output=embed\"><\/iframe><\/div><\/div>\n","protected":false},"excerpt":{"rendered":"<p>Contactez nous Vous avez un projet, une question ou besoin d&#8217;un d\u00e9pannage \u00e9lectrique ? Je suis \u00e0 votre \u00e9coute ! Email electricien.era@gmail.com t\u00e9l\u00e9phone ligne directe 0603561101 heure d&#8217;ouverture lundi &#8211; samedi07:00 &#8211; 19:00 Adresse 356 rue des Mignoti\u00e8res 69730 GENAY<\/p>\n","protected":false},"author":1,"featured_media":0,"parent":0,"menu_order":0,"comment_status":"closed","ping_status":"closed","template":"","meta":{"om_disable_all_campaigns":false,"footnotes":""},"class_list":["post-14","page","type-page","status-publish","hentry"],"aioseo_notices":[],"yoast_head":"<!-- This site is optimized with the Yoast SEO plugin v27.5 - https:\/\/yoast.com\/product\/yoast-seo-wordpress\/ -->\n<title>Contact - Entreprise ERA<\/title>\n<meta name=\"description\" content=\"Entreprise ERA \u00e9lectricit\u00e9 g\u00e9n\u00e9rale situ\u00e9 \u00e0 GENAY, d\u00e9pannage et installation \u00e9lectrique pour particulier et professionnel\" \/>\n<meta name=\"robots\" content=\"index, follow, max-snippet:-1, max-image-preview:large, max-video-preview:-1\" \/>\n<link rel=\"canonical\" href=\"https:\/\/electricienera.fr\/?page_id=14\" \/>\n<meta property=\"og:locale\" content=\"fr_FR\" \/>\n<meta property=\"og:type\" content=\"article\" \/>\n<meta property=\"og:title\" content=\"Contact - Entreprise ERA\" \/>\n<meta property=\"og:description\" content=\"Entreprise ERA \u00e9lectricit\u00e9 g\u00e9n\u00e9rale situ\u00e9 \u00e0 GENAY, d\u00e9pannage et installation \u00e9lectrique pour particulier et professionnel\" \/>\n<meta property=\"og:url\" content=\"https:\/\/electricienera.fr\/?page_id=14\" \/>\n<meta property=\"og:site_name\" content=\"Entreprise ERA\" \/>\n<meta property=\"article:modified_time\" content=\"2026-02-16T09:05:12+00:00\" \/>\n<meta property=\"og:image\" content=\"https:\/\/electricienera.fr\/wp-content\/uploads\/2025\/07\/20230627_095527-scaled.jpg\" \/>\n\t<meta property=\"og:image:width\" content=\"1920\" \/>\n\t<meta property=\"og:image:height\" content=\"2560\" \/>\n\t<meta property=\"og:image:type\" content=\"image\/jpeg\" \/>\n<meta name=\"twitter:card\" content=\"summary_large_image\" \/>\n<meta name=\"twitter:label1\" content=\"Dur\u00e9e de lecture estim\u00e9e\" \/>\n\t<meta name=\"twitter:data1\" content=\"2 minutes\" \/>\n<script type=\"application\/ld+json\" class=\"yoast-schema-graph\">{\"@context\":\"https:\\\/\\\/schema.org\",\"@graph\":[{\"@type\":\"WebPage\",\"@id\":\"https:\\\/\\\/electricienera.fr\\\/?page_id=14\",\"url\":\"https:\\\/\\\/electricienera.fr\\\/?page_id=14\",\"name\":\"Contact - Entreprise ERA\",\"isPartOf\":{\"@id\":\"https:\\\/\\\/electricienera.fr\\\/#website\"},\"primaryImageOfPage\":{\"@id\":\"https:\\\/\\\/electricienera.fr\\\/?page_id=14#primaryimage\"},\"image\":{\"@id\":\"https:\\\/\\\/electricienera.fr\\\/?page_id=14#primaryimage\"},\"thumbnailUrl\":\"https:\\\/\\\/electricienera.fr\\\/wp-content\\\/uploads\\\/2025\\\/07\\\/20230627_095527-768x1024.jpg\",\"datePublished\":\"2025-07-10T09:02:11+00:00\",\"dateModified\":\"2026-02-16T09:05:12+00:00\",\"description\":\"Entreprise ERA \u00e9lectricit\u00e9 g\u00e9n\u00e9rale situ\u00e9 \u00e0 GENAY, d\u00e9pannage et installation \u00e9lectrique pour particulier et professionnel\",\"breadcrumb\":{\"@id\":\"https:\\\/\\\/electricienera.fr\\\/?page_id=14#breadcrumb\"},\"inLanguage\":\"fr-FR\",\"potentialAction\":[{\"@type\":\"ReadAction\",\"target\":[\"https:\\\/\\\/electricienera.fr\\\/?page_id=14\"]}]},{\"@type\":\"ImageObject\",\"inLanguage\":\"fr-FR\",\"@id\":\"https:\\\/\\\/electricienera.fr\\\/?page_id=14#primaryimage\",\"url\":\"https:\\\/\\\/electricienera.fr\\\/wp-content\\\/uploads\\\/2025\\\/07\\\/20230627_095527-scaled.jpg\",\"contentUrl\":\"https:\\\/\\\/electricienera.fr\\\/wp-content\\\/uploads\\\/2025\\\/07\\\/20230627_095527-scaled.jpg\",\"width\":1920,\"height\":2560},{\"@type\":\"BreadcrumbList\",\"@id\":\"https:\\\/\\\/electricienera.fr\\\/?page_id=14#breadcrumb\",\"itemListElement\":[{\"@type\":\"ListItem\",\"position\":1,\"name\":\"Accueil\",\"item\":\"https:\\\/\\\/electricienera.fr\\\/\"},{\"@type\":\"ListItem\",\"position\":2,\"name\":\"Contact\"}]},{\"@type\":\"WebSite\",\"@id\":\"https:\\\/\\\/electricienera.fr\\\/#website\",\"url\":\"https:\\\/\\\/electricienera.fr\\\/\",\"name\":\"Entreprise ERA\",\"description\":\"\u00e9lectricit\u00e9 g\u00e9n\u00e9rales depuis 1993\",\"publisher\":{\"@id\":\"https:\\\/\\\/electricienera.fr\\\/#organization\"},\"potentialAction\":[{\"@type\":\"SearchAction\",\"target\":{\"@type\":\"EntryPoint\",\"urlTemplate\":\"https:\\\/\\\/electricienera.fr\\\/?s={search_term_string}\"},\"query-input\":{\"@type\":\"PropertyValueSpecification\",\"valueRequired\":true,\"valueName\":\"search_term_string\"}}],\"inLanguage\":\"fr-FR\"},{\"@type\":\"Organization\",\"@id\":\"https:\\\/\\\/electricienera.fr\\\/#organization\",\"name\":\"Entreprise ERA\",\"url\":\"https:\\\/\\\/electricienera.fr\\\/\",\"logo\":{\"@type\":\"ImageObject\",\"inLanguage\":\"fr-FR\",\"@id\":\"https:\\\/\\\/electricienera.fr\\\/#\\\/schema\\\/logo\\\/image\\\/\",\"url\":\"https:\\\/\\\/electricienera.fr\\\/wp-content\\\/uploads\\\/2025\\\/07\\\/cropped-logo-electricien-2.jpg\",\"contentUrl\":\"https:\\\/\\\/electricienera.fr\\\/wp-content\\\/uploads\\\/2025\\\/07\\\/cropped-logo-electricien-2.jpg\",\"width\":512,\"height\":512,\"caption\":\"Entreprise ERA\"},\"image\":{\"@id\":\"https:\\\/\\\/electricienera.fr\\\/#\\\/schema\\\/logo\\\/image\\\/\"}}]}<\/script>\n<!-- \/ Yoast SEO plugin. -->","yoast_head_json":{"title":"Contact - Entreprise ERA","description":"Entreprise ERA \u00e9lectricit\u00e9 g\u00e9n\u00e9rale situ\u00e9 \u00e0 GENAY, d\u00e9pannage et installation \u00e9lectrique pour particulier et professionnel","robots":{"index":"index","follow":"follow","max-snippet":"max-snippet:-1","max-image-preview":"max-image-preview:large","max-video-preview":"max-video-preview:-1"},"canonical":"https:\/\/electricienera.fr\/?page_id=14","og_locale":"fr_FR","og_type":"article","og_title":"Contact - Entreprise ERA","og_description":"Entreprise ERA \u00e9lectricit\u00e9 g\u00e9n\u00e9rale situ\u00e9 \u00e0 GENAY, d\u00e9pannage et installation \u00e9lectrique pour particulier et professionnel","og_url":"https:\/\/electricienera.fr\/?page_id=14","og_site_name":"Entreprise ERA","article_modified_time":"2026-02-16T09:05:12+00:00","og_image":[{"width":1920,"height":2560,"url":"https:\/\/electricienera.fr\/wp-content\/uploads\/2025\/07\/20230627_095527-scaled.jpg","type":"image\/jpeg"}],"twitter_card":"summary_large_image","twitter_misc":{"Dur\u00e9e de lecture estim\u00e9e":"2 minutes"},"schema":{"@context":"https:\/\/schema.org","@graph":[{"@type":"WebPage","@id":"https:\/\/electricienera.fr\/?page_id=14","url":"https:\/\/electricienera.fr\/?page_id=14","name":"Contact - Entreprise ERA","isPartOf":{"@id":"https:\/\/electricienera.fr\/#website"},"primaryImageOfPage":{"@id":"https:\/\/electricienera.fr\/?page_id=14#primaryimage"},"image":{"@id":"https:\/\/electricienera.fr\/?page_id=14#primaryimage"},"thumbnailUrl":"https:\/\/electricienera.fr\/wp-content\/uploads\/2025\/07\/20230627_095527-768x1024.jpg","datePublished":"2025-07-10T09:02:11+00:00","dateModified":"2026-02-16T09:05:12+00:00","description":"Entreprise ERA \u00e9lectricit\u00e9 g\u00e9n\u00e9rale situ\u00e9 \u00e0 GENAY, d\u00e9pannage et installation \u00e9lectrique pour particulier et professionnel","breadcrumb":{"@id":"https:\/\/electricienera.fr\/?page_id=14#breadcrumb"},"inLanguage":"fr-FR","potentialAction":[{"@type":"ReadAction","target":["https:\/\/electricienera.fr\/?page_id=14"]}]},{"@type":"ImageObject","inLanguage":"fr-FR","@id":"https:\/\/electricienera.fr\/?page_id=14#primaryimage","url":"https:\/\/electricienera.fr\/wp-content\/uploads\/2025\/07\/20230627_095527-scaled.jpg","contentUrl":"https:\/\/electricienera.fr\/wp-content\/uploads\/2025\/07\/20230627_095527-scaled.jpg","width":1920,"height":2560},{"@type":"BreadcrumbList","@id":"https:\/\/electricienera.fr\/?page_id=14#breadcrumb","itemListElement":[{"@type":"ListItem","position":1,"name":"Accueil","item":"https:\/\/electricienera.fr\/"},{"@type":"ListItem","position":2,"name":"Contact"}]},{"@type":"WebSite","@id":"https:\/\/electricienera.fr\/#website","url":"https:\/\/electricienera.fr\/","name":"Entreprise ERA","description":"\u00e9lectricit\u00e9 g\u00e9n\u00e9rales depuis 1993","publisher":{"@id":"https:\/\/electricienera.fr\/#organization"},"potentialAction":[{"@type":"SearchAction","target":{"@type":"EntryPoint","urlTemplate":"https:\/\/electricienera.fr\/?s={search_term_string}"},"query-input":{"@type":"PropertyValueSpecification","valueRequired":true,"valueName":"search_term_string"}}],"inLanguage":"fr-FR"},{"@type":"Organization","@id":"https:\/\/electricienera.fr\/#organization","name":"Entreprise ERA","url":"https:\/\/electricienera.fr\/","logo":{"@type":"ImageObject","inLanguage":"fr-FR","@id":"https:\/\/electricienera.fr\/#\/schema\/logo\/image\/","url":"https:\/\/electricienera.fr\/wp-content\/uploads\/2025\/07\/cropped-logo-electricien-2.jpg","contentUrl":"https:\/\/electricienera.fr\/wp-content\/uploads\/2025\/07\/cropped-logo-electricien-2.jpg","width":512,"height":512,"caption":"Entreprise ERA"},"image":{"@id":"https:\/\/electricienera.fr\/#\/schema\/logo\/image\/"}}]}},"_links":{"self":[{"href":"https:\/\/electricienera.fr\/index.php?rest_route=\/wp\/v2\/pages\/14","targetHints":{"allow":["GET"]}}],"collection":[{"href":"https:\/\/electricienera.fr\/index.php?rest_route=\/wp\/v2\/pages"}],"about":[{"href":"https:\/\/electricienera.fr\/index.php?rest_route=\/wp\/v2\/types\/page"}],"author":[{"embeddable":true,"href":"https:\/\/electricienera.fr\/index.php?rest_route=\/wp\/v2\/users\/1"}],"replies":[{"embeddable":true,"href":"https:\/\/electricienera.fr\/index.php?rest_route=%2Fwp%2Fv2%2Fcomments&post=14"}],"version-history":[{"count":30,"href":"https:\/\/electricienera.fr\/index.php?rest_route=\/wp\/v2\/pages\/14\/revisions"}],"predecessor-version":[{"id":666,"href":"https:\/\/electricienera.fr\/index.php?rest_route=\/wp\/v2\/pages\/14\/revisions\/666"}],"wp:attachment":[{"href":"https:\/\/electricienera.fr\/index.php?rest_route=%2Fwp%2Fv2%2Fmedia&parent=14"}],"curies":[{"name":"wp","href":"https:\/\/api.w.org\/{rel}","templated":true}]}}