{"id":159,"date":"2025-07-12T09:54:00","date_gmt":"2025-07-12T07:54:00","guid":{"rendered":"https:\/\/electricienera.fr\/?page_id=159"},"modified":"2025-07-18T07:36:42","modified_gmt":"2025-07-18T05:36:42","slug":"eclairage-led","status":"publish","type":"page","link":"https:\/\/electricienera.fr\/?page_id=159","title":{"rendered":"Eclairage"},"content":{"rendered":"\n<div class=\"wp-block-group alignfull superbthemes-navigation-004 is-layout-flow wp-block-group-is-layout-flow\" style=\"margin-top:0;margin-bottom:0\">\n<div class=\"wp-block-cover\" style=\"margin-top:0;margin-bottom:0;padding-top:var(--wp--preset--spacing--superbspacing-xxlarge);padding-right:var(--wp--preset--spacing--superbspacing-small);padding-bottom:var(--wp--preset--spacing--superbspacing-xxlarge);padding-left:var(--wp--preset--spacing--superbspacing-small)\"><img decoding=\"async\" width=\"1024\" height=\"617\" class=\"wp-block-cover__image-background wp-image-83 size-large\" alt=\"\" src=\"https:\/\/electricienera.fr\/wp-content\/uploads\/2025\/07\/Rack-Stockage-1024x617.jpg\" data-object-fit=\"cover\" srcset=\"https:\/\/electricienera.fr\/wp-content\/uploads\/2025\/07\/Rack-Stockage-1024x617.jpg 1024w, https:\/\/electricienera.fr\/wp-content\/uploads\/2025\/07\/Rack-Stockage-300x181.jpg 300w, https:\/\/electricienera.fr\/wp-content\/uploads\/2025\/07\/Rack-Stockage-768x462.jpg 768w, https:\/\/electricienera.fr\/wp-content\/uploads\/2025\/07\/Rack-Stockage.jpg 1307w\" sizes=\"(max-width: 1024px) 100vw, 1024px\" \/><span aria-hidden=\"true\" class=\"wp-block-cover__background has-background-dim-20 has-background-dim\" style=\"background-color:#6d6d61\"><\/span><div class=\"wp-block-cover__inner-container has-global-padding is-layout-constrained wp-container-core-cover-is-layout-c988a726 wp-block-cover-is-layout-constrained\">\n<div class=\"wp-block-group alignwide has-global-padding is-layout-constrained wp-block-group-is-layout-constrained\">\n<h1 class=\"wp-block-heading alignwide has-text-align-center has-white-color has-text-color has-superbfont-xxlarge-font-size\" style=\"font-style:normal;font-weight:700\">Etude d&#8217;\u00e9clairage <\/h1>\n\n\n\n<p class=\"has-text-align-center has-white-color has-text-color has-superbfont-small-font-size\">Notre bureau d&#8217;\u00e9tude \u00e9tudie vos locaux pour le meilleur \u00e9clairage avec DIALUX<\/p>\n<\/div>\n\n\n\n<div class=\"wp-block-group alignwide has-global-padding is-content-justification-center is-layout-constrained wp-container-core-group-is-layout-e0e15041 wp-block-group-is-layout-constrained\">\n<div class=\"wp-block-buttons is-content-justification-center is-layout-flex wp-container-core-buttons-is-layout-0be08b07 wp-block-buttons-is-layout-flex\">\n<div class=\"wp-block-button\"><a class=\"wp-block-button__link has-vivid-cyan-blue-background-color has-background wp-element-button\" href=\"tel:0603561101\">contacter nous<\/a><\/div>\n<\/div>\n<\/div>\n<\/div><\/div>\n<\/div>\n\n\n\n<div class=\"wp-block-group alignfull has-global-padding is-layout-constrained wp-container-core-group-is-layout-129f6e7c wp-block-group-is-layout-constrained\" style=\"margin-top:0;margin-bottom:0;padding-top:var(--wp--preset--spacing--superbspacing-large);padding-right:var(--wp--preset--spacing--superbspacing-small);padding-bottom:var(--wp--preset--spacing--superbspacing-large);padding-left:var(--wp--preset--spacing--superbspacing-small)\">\n<div class=\"wp-block-columns alignwide is-layout-flex wp-container-core-columns-is-layout-25593187 wp-block-columns-is-layout-flex\">\n<div class=\"wp-block-column is-vertically-aligned-center is-layout-flow wp-container-core-column-is-layout-40a2a7e8 wp-block-column-is-layout-flow\" style=\"padding-right:0;padding-bottom:0;padding-left:0\">\n<figure class=\"wp-block-image size-large has-custom-border\"><img decoding=\"async\" width=\"1024\" height=\"768\" src=\"https:\/\/electricienera.fr\/wp-content\/uploads\/2025\/07\/7-1024x768.jpg\" alt=\"\" class=\"wp-image-88\" style=\"border-radius:0px\" srcset=\"https:\/\/electricienera.fr\/wp-content\/uploads\/2025\/07\/7-1024x768.jpg 1024w, https:\/\/electricienera.fr\/wp-content\/uploads\/2025\/07\/7-300x225.jpg 300w, https:\/\/electricienera.fr\/wp-content\/uploads\/2025\/07\/7-768x576.jpg 768w, https:\/\/electricienera.fr\/wp-content\/uploads\/2025\/07\/7-1536x1152.jpg 1536w, https:\/\/electricienera.fr\/wp-content\/uploads\/2025\/07\/7-2048x1536.jpg 2048w\" sizes=\"(max-width: 1024px) 100vw, 1024px\" \/><\/figure>\n<\/div>\n\n\n\n<div class=\"wp-block-column is-vertically-aligned-center is-layout-flow wp-container-core-column-is-layout-a1628350 wp-block-column-is-layout-flow\" style=\"padding-top:0;padding-right:0;padding-bottom:0;padding-left:0\">\n<div class=\"wp-block-group is-layout-flow wp-container-core-group-is-layout-ff697075 wp-block-group-is-layout-flow\">\n<h2 class=\"wp-block-heading has-text-align-left has-superbfont-xlarge-font-size\">Eclairage professionnel et r\u00e9sidentiel depuis 1993<\/h2>\n\n\n\n<p>Mise en lumi\u00e8re de vos espaces<\/p>\n\n\n\n<p class=\"has-text-align-left has-secondary-color has-text-color has-superbfont-small-font-size\">Que vous soyez un particulier, un professionnel ou une collectivit\u00e9, nous concevons des installations d&#8217;\u00e9clairage performantes, \u00e9conomiques et esth\u00e9tiques. de l&#8217;\u00e9tude personnalis\u00e9e \u00e0 la pose, ERA \u00e9lectricit\u00e9 vous accompagne pour cr\u00e9er des ambiances lumineuses adapt\u00e9es \u00e0 vos besoins !<\/p>\n\n\n\n<ul class=\"wp-block-list\">\n<li><strong>Eclairage professionnel<\/strong> (bureaux, commerces, ateliers, entrep\u00f4ts)<\/li>\n\n\n\n<li><strong>Installation d&#8217;\u00e9clairage int\u00e9rieur<\/strong> (spot, suspensions, plafonniers, ruban led)<\/li>\n\n\n\n<li><strong>Eclairage ext\u00e9rieur<\/strong> (jardin, all\u00e9es, fa\u00e7ades, \u00e9clairage de s\u00e9curit\u00e9)<\/li>\n\n\n\n<li><strong>Conseil personnalis\u00e9s<\/strong> pour le choix de la luminosit\u00e9, des ampoules et de la consommation<\/li>\n\n\n\n<li><strong>Mise aux normes<\/strong> et s\u00e9curisation des installations<\/li>\n<\/ul>\n<\/div>\n\n\n\n<div class=\"wp-block-buttons is-content-justification-center is-layout-flex wp-container-core-buttons-is-layout-a89b3969 wp-block-buttons-is-layout-flex\">\n<div class=\"wp-block-button\"><a class=\"wp-block-button__link has-vivid-cyan-blue-background-color has-background wp-element-button\" href=\"tel:0603561101\">Contacter nous<\/a><\/div>\n<\/div>\n<\/div>\n<\/div>\n<\/div>\n\n\n\n<div class=\"wp-block-group alignfull has-global-padding is-layout-constrained wp-container-core-group-is-layout-7493a3dd wp-block-group-is-layout-constrained\" style=\"margin-top:0;margin-bottom:0;padding-top:var(--wp--preset--spacing--superbspacing-large);padding-right:var(--wp--preset--spacing--superbspacing-small);padding-bottom:var(--wp--preset--spacing--superbspacing-large);padding-left:var(--wp--preset--spacing--superbspacing-small)\">\n<div class=\"wp-block-group alignwide is-vertical is-content-justification-center is-layout-flex wp-container-core-group-is-layout-4c120eef wp-block-group-is-layout-flex\">\n<h2 class=\"wp-block-heading has-text-align-center has-contrast-color has-text-color has-superbfont-xlarge-font-size\">Optimisez  la lumi\u00e8re de vos espaces avec un \u00e9clairage sur mesure !<\/h2>\n<\/div>\n\n\n\n<div class=\"wp-block-columns alignwide is-layout-flex wp-container-core-columns-is-layout-f9d87e41 wp-block-columns-is-layout-flex\">\n<div class=\"wp-block-column is-vertically-aligned-center is-layout-flow wp-container-core-column-is-layout-db2cb278 wp-block-column-is-layout-flow\">\n<figure class=\"wp-block-image aligncenter size-large has-custom-border\"><img decoding=\"async\" width=\"768\" height=\"1024\" src=\"https:\/\/electricienera.fr\/wp-content\/uploads\/2025\/07\/vlcsnap-2025-07-10-13h52m10s321-768x1024.png\" alt=\"\" class=\"wp-image-296\" style=\"border-radius:0px;object-fit:cover\" srcset=\"https:\/\/electricienera.fr\/wp-content\/uploads\/2025\/07\/vlcsnap-2025-07-10-13h52m10s321-768x1024.png 768w, https:\/\/electricienera.fr\/wp-content\/uploads\/2025\/07\/vlcsnap-2025-07-10-13h52m10s321-225x300.png 225w, https:\/\/electricienera.fr\/wp-content\/uploads\/2025\/07\/vlcsnap-2025-07-10-13h52m10s321-1152x1536.png 1152w, https:\/\/electricienera.fr\/wp-content\/uploads\/2025\/07\/vlcsnap-2025-07-10-13h52m10s321-1536x2048.png 1536w, https:\/\/electricienera.fr\/wp-content\/uploads\/2025\/07\/vlcsnap-2025-07-10-13h52m10s321-scaled.png 1920w\" sizes=\"(max-width: 768px) 100vw, 768px\" \/><\/figure>\n<\/div>\n\n\n\n<div class=\"wp-block-column is-vertically-aligned-center is-layout-flow wp-container-core-column-is-layout-db2cb278 wp-block-column-is-layout-flow\">\n<figure class=\"wp-block-image aligncenter size-large is-resized has-custom-border\"><img decoding=\"async\" width=\"576\" height=\"1024\" src=\"https:\/\/electricienera.fr\/wp-content\/uploads\/2025\/07\/vlcsnap-2025-07-10-13h03m19s706-1-576x1024.png\" alt=\"\" class=\"wp-image-233\" style=\"border-radius:0px;object-fit:cover;width:179px;height:auto\" srcset=\"https:\/\/electricienera.fr\/wp-content\/uploads\/2025\/07\/vlcsnap-2025-07-10-13h03m19s706-1-576x1024.png 576w, https:\/\/electricienera.fr\/wp-content\/uploads\/2025\/07\/vlcsnap-2025-07-10-13h03m19s706-1-169x300.png 169w, https:\/\/electricienera.fr\/wp-content\/uploads\/2025\/07\/vlcsnap-2025-07-10-13h03m19s706-1-768x1365.png 768w, https:\/\/electricienera.fr\/wp-content\/uploads\/2025\/07\/vlcsnap-2025-07-10-13h03m19s706-1-864x1536.png 864w, https:\/\/electricienera.fr\/wp-content\/uploads\/2025\/07\/vlcsnap-2025-07-10-13h03m19s706-1.png 1080w\" sizes=\"(max-width: 576px) 100vw, 576px\" \/><\/figure>\n<\/div>\n\n\n\n<div class=\"wp-block-column is-vertically-aligned-center is-layout-flow wp-container-core-column-is-layout-db2cb278 wp-block-column-is-layout-flow\">\n<figure class=\"wp-block-image aligncenter size-large is-resized has-custom-border\"><img decoding=\"async\" width=\"576\" height=\"1024\" src=\"https:\/\/electricienera.fr\/wp-content\/uploads\/2025\/07\/vlcsnap-2025-07-10-13h21m42s996-576x1024.png\" alt=\"\" class=\"wp-image-252\" style=\"border-radius:0px;object-fit:cover;width:181px;height:auto\" srcset=\"https:\/\/electricienera.fr\/wp-content\/uploads\/2025\/07\/vlcsnap-2025-07-10-13h21m42s996-576x1024.png 576w, https:\/\/electricienera.fr\/wp-content\/uploads\/2025\/07\/vlcsnap-2025-07-10-13h21m42s996-169x300.png 169w, https:\/\/electricienera.fr\/wp-content\/uploads\/2025\/07\/vlcsnap-2025-07-10-13h21m42s996-768x1365.png 768w, https:\/\/electricienera.fr\/wp-content\/uploads\/2025\/07\/vlcsnap-2025-07-10-13h21m42s996-864x1536.png 864w, https:\/\/electricienera.fr\/wp-content\/uploads\/2025\/07\/vlcsnap-2025-07-10-13h21m42s996.png 1080w\" sizes=\"(max-width: 576px) 100vw, 576px\" \/><\/figure>\n<\/div>\n\n\n\n<div class=\"wp-block-column is-vertically-aligned-center is-layout-flow wp-container-core-column-is-layout-db2cb278 wp-block-column-is-layout-flow\">\n<figure class=\"wp-block-image aligncenter size-large is-resized has-custom-border\"><img decoding=\"async\" width=\"576\" height=\"1024\" src=\"https:\/\/electricienera.fr\/wp-content\/uploads\/2025\/07\/vlcsnap-2025-07-10-13h54m46s505-576x1024.png\" alt=\"\" class=\"wp-image-301\" style=\"border-radius:0px;object-fit:cover;width:182px;height:auto\" srcset=\"https:\/\/electricienera.fr\/wp-content\/uploads\/2025\/07\/vlcsnap-2025-07-10-13h54m46s505-576x1024.png 576w, https:\/\/electricienera.fr\/wp-content\/uploads\/2025\/07\/vlcsnap-2025-07-10-13h54m46s505-169x300.png 169w, https:\/\/electricienera.fr\/wp-content\/uploads\/2025\/07\/vlcsnap-2025-07-10-13h54m46s505-768x1365.png 768w, https:\/\/electricienera.fr\/wp-content\/uploads\/2025\/07\/vlcsnap-2025-07-10-13h54m46s505-864x1536.png 864w, https:\/\/electricienera.fr\/wp-content\/uploads\/2025\/07\/vlcsnap-2025-07-10-13h54m46s505.png 1080w\" sizes=\"(max-width: 576px) 100vw, 576px\" \/><\/figure>\n<\/div>\n<\/div>\n<\/div>\n\n\n\n<div class=\"wp-block-buttons is-content-justification-center is-layout-flex wp-container-core-buttons-is-layout-a89b3969 wp-block-buttons-is-layout-flex\">\n<div class=\"wp-block-button\"><a class=\"wp-block-button__link has-vivid-cyan-blue-background-color has-background wp-element-button\" href=\"tel:0603561101\">contacter nous<\/a><\/div>\n<\/div>\n\n\n\n<div class=\"wp-block-group alignfull has-mono-4-background-color has-background has-global-padding is-layout-constrained wp-container-core-group-is-layout-4584d913 wp-block-group-is-layout-constrained\" style=\"margin-top:0;margin-bottom:0;padding-top:var(--wp--preset--spacing--superbspacing-large);padding-right:var(--wp--preset--spacing--superbspacing-small);padding-bottom:var(--wp--preset--spacing--superbspacing-large);padding-left:var(--wp--preset--spacing--superbspacing-small)\">\n<div class=\"wp-block-columns alignwide is-layout-flex wp-container-core-columns-is-layout-25593187 wp-block-columns-is-layout-flex\">\n<div class=\"wp-block-column is-vertically-aligned-top is-layout-flow wp-container-core-column-is-layout-b101977f wp-block-column-is-layout-flow\" style=\"padding-right:0;padding-bottom:0;padding-left:0\">\n<h2 class=\"wp-block-heading has-text-align-left has-superbfont-xlarge-font-size\">Remplacement complet de l&#8217;\u00e9clairage d&#8217;un entrep\u00f4t de 500m\u00b2 \u00e0 lyon<\/h2>\n<\/div>\n\n\n\n<div class=\"wp-block-column is-vertically-aligned-center is-layout-flow wp-container-core-column-is-layout-a1628350 wp-block-column-is-layout-flow\" style=\"padding-top:0;padding-right:0;padding-bottom:0;padding-left:0\">\n<p class=\"has-text-align-left has-secondary-color has-text-color has-superbfont-small-font-size\"><strong>r\u00e9duction de 40% de la consommation d&#8217;\u00e9nergie<\/strong> <\/p>\n<\/div>\n<\/div>\n\n\n\n<figure class=\"wp-block-image alignwide size-large has-custom-border\"><img decoding=\"async\" width=\"1024\" height=\"768\" src=\"https:\/\/electricienera.fr\/wp-content\/uploads\/2025\/07\/vlcsnap-2025-07-10-13h53m48s829-1024x768.png\" alt=\"\" class=\"wp-image-300\" style=\"border-radius:8px\" srcset=\"https:\/\/electricienera.fr\/wp-content\/uploads\/2025\/07\/vlcsnap-2025-07-10-13h53m48s829-1024x768.png 1024w, https:\/\/electricienera.fr\/wp-content\/uploads\/2025\/07\/vlcsnap-2025-07-10-13h53m48s829-300x225.png 300w, https:\/\/electricienera.fr\/wp-content\/uploads\/2025\/07\/vlcsnap-2025-07-10-13h53m48s829-768x576.png 768w, https:\/\/electricienera.fr\/wp-content\/uploads\/2025\/07\/vlcsnap-2025-07-10-13h53m48s829-1536x1152.png 1536w, https:\/\/electricienera.fr\/wp-content\/uploads\/2025\/07\/vlcsnap-2025-07-10-13h53m48s829-2048x1536.png 2048w\" sizes=\"(max-width: 1024px) 100vw, 1024px\" \/><\/figure>\n<\/div>\n\n\n\n<div class=\"wp-block-group alignfull has-base-background-color has-background has-global-padding is-layout-constrained wp-container-core-group-is-layout-c3b3325f wp-block-group-is-layout-constrained\" style=\"margin-top:0;margin-bottom:0;padding-top:var(--wp--preset--spacing--superbspacing-large);padding-right:var(--wp--preset--spacing--superbspacing-small);padding-bottom:var(--wp--preset--spacing--superbspacing-large);padding-left:var(--wp--preset--spacing--superbspacing-small)\">\n<div class=\"wp-block-cover alignwide is-light\" style=\"border-radius:0px;padding-top:var(--wp--preset--spacing--superbspacing-large);padding-right:var(--wp--preset--spacing--superbspacing-medium);padding-bottom:var(--wp--preset--spacing--superbspacing-large);padding-left:var(--wp--preset--spacing--superbspacing-medium)\"><video class=\"wp-block-cover__video-background intrinsic-ignore\" autoplay muted loop playsinline src=\"https:\/\/electricienera.fr\/wp-content\/uploads\/2025\/07\/montage-3-todd-eclairage-mezz-2.mov\" data-object-fit=\"cover\"><\/video><span aria-hidden=\"true\" class=\"wp-block-cover__background has-background-dim\" style=\"background-color:#FFF\"><\/span><div class=\"wp-block-cover__inner-container has-global-padding is-layout-constrained wp-container-core-cover-is-layout-0836a3dc wp-block-cover-is-layout-constrained\">\n<p class=\"has-text-align-center has-large-font-size\"><\/p>\n<\/div><\/div>\n<\/div>\n\n\n\n<div class=\"wp-block-buttons is-content-justification-center is-layout-flex wp-container-core-buttons-is-layout-a89b3969 wp-block-buttons-is-layout-flex\">\n<div class=\"wp-block-button\"><a class=\"wp-block-button__link has-vivid-cyan-blue-background-color has-background wp-element-button\" href=\"tel:0603561101\">Contacter nous<\/a><\/div>\n<\/div>\n","protected":false},"excerpt":{"rendered":"<p>Eclairage professionnel et r\u00e9sidentiel depuis 1993 Mise en lumi\u00e8re de vos espaces Que vous soyez un particulier, un professionnel ou une collectivit\u00e9, nous concevons des installations d&#8217;\u00e9clairage performantes, \u00e9conomiques et esth\u00e9tiques. de l&#8217;\u00e9tude personnalis\u00e9e \u00e0 la pose, ERA \u00e9lectricit\u00e9 vous accompagne pour cr\u00e9er des ambiances lumineuses adapt\u00e9es \u00e0 vos besoins ! Optimisez la lumi\u00e8re de [&hellip;]<\/p>\n","protected":false},"author":1,"featured_media":0,"parent":0,"menu_order":0,"comment_status":"closed","ping_status":"closed","template":"superbaddons-page-template","meta":{"om_disable_all_campaigns":false,"footnotes":""},"class_list":["post-159","page","type-page","status-publish","hentry"],"aioseo_notices":[],"yoast_head":"<!-- This site is optimized with the Yoast SEO plugin v27.5 - https:\/\/yoast.com\/product\/yoast-seo-wordpress\/ -->\n<title>Eclairage - Entreprise ERA<\/title>\n<meta name=\"description\" content=\"Entreprise ERA \u00e9lectricit\u00e9 g\u00e9n\u00e9rale situ\u00e9 \u00e0 GENAY, d\u00e9pannage et installation \u00e9lectrique pour particulier et professionnel\" \/>\n<meta name=\"robots\" content=\"index, follow, max-snippet:-1, max-image-preview:large, max-video-preview:-1\" \/>\n<link rel=\"canonical\" href=\"https:\/\/electricienera.fr\/?page_id=159\" \/>\n<meta property=\"og:locale\" content=\"fr_FR\" \/>\n<meta property=\"og:type\" content=\"article\" \/>\n<meta property=\"og:title\" content=\"Eclairage - Entreprise ERA\" \/>\n<meta property=\"og:description\" content=\"Entreprise ERA \u00e9lectricit\u00e9 g\u00e9n\u00e9rale situ\u00e9 \u00e0 GENAY, d\u00e9pannage et installation \u00e9lectrique pour particulier et professionnel\" \/>\n<meta property=\"og:url\" content=\"https:\/\/electricienera.fr\/?page_id=159\" \/>\n<meta property=\"og:site_name\" content=\"Entreprise ERA\" \/>\n<meta property=\"article:modified_time\" content=\"2025-07-18T05:36:42+00:00\" \/>\n<meta property=\"og:image\" content=\"https:\/\/electricienera.fr\/wp-content\/uploads\/2025\/07\/Rack-Stockage.jpg\" \/>\n\t<meta property=\"og:image:width\" content=\"1307\" \/>\n\t<meta property=\"og:image:height\" content=\"787\" \/>\n\t<meta property=\"og:image:type\" content=\"image\/jpeg\" \/>\n<meta name=\"twitter:card\" content=\"summary_large_image\" \/>\n<meta name=\"twitter:label1\" content=\"Dur\u00e9e de lecture estim\u00e9e\" \/>\n\t<meta name=\"twitter:data1\" content=\"3 minutes\" \/>\n<script type=\"application\/ld+json\" class=\"yoast-schema-graph\">{\"@context\":\"https:\\\/\\\/schema.org\",\"@graph\":[{\"@type\":\"WebPage\",\"@id\":\"https:\\\/\\\/electricienera.fr\\\/?page_id=159\",\"url\":\"https:\\\/\\\/electricienera.fr\\\/?page_id=159\",\"name\":\"Eclairage - Entreprise ERA\",\"isPartOf\":{\"@id\":\"https:\\\/\\\/electricienera.fr\\\/#website\"},\"primaryImageOfPage\":{\"@id\":\"https:\\\/\\\/electricienera.fr\\\/?page_id=159#primaryimage\"},\"image\":{\"@id\":\"https:\\\/\\\/electricienera.fr\\\/?page_id=159#primaryimage\"},\"thumbnailUrl\":\"https:\\\/\\\/electricienera.fr\\\/wp-content\\\/uploads\\\/2025\\\/07\\\/Rack-Stockage-1024x617.jpg\",\"datePublished\":\"2025-07-12T07:54:00+00:00\",\"dateModified\":\"2025-07-18T05:36:42+00:00\",\"description\":\"Entreprise ERA \u00e9lectricit\u00e9 g\u00e9n\u00e9rale situ\u00e9 \u00e0 GENAY, d\u00e9pannage et installation \u00e9lectrique pour particulier et professionnel\",\"breadcrumb\":{\"@id\":\"https:\\\/\\\/electricienera.fr\\\/?page_id=159#breadcrumb\"},\"inLanguage\":\"fr-FR\",\"potentialAction\":[{\"@type\":\"ReadAction\",\"target\":[\"https:\\\/\\\/electricienera.fr\\\/?page_id=159\"]}]},{\"@type\":\"ImageObject\",\"inLanguage\":\"fr-FR\",\"@id\":\"https:\\\/\\\/electricienera.fr\\\/?page_id=159#primaryimage\",\"url\":\"https:\\\/\\\/electricienera.fr\\\/wp-content\\\/uploads\\\/2025\\\/07\\\/Rack-Stockage.jpg\",\"contentUrl\":\"https:\\\/\\\/electricienera.fr\\\/wp-content\\\/uploads\\\/2025\\\/07\\\/Rack-Stockage.jpg\",\"width\":1307,\"height\":787},{\"@type\":\"BreadcrumbList\",\"@id\":\"https:\\\/\\\/electricienera.fr\\\/?page_id=159#breadcrumb\",\"itemListElement\":[{\"@type\":\"ListItem\",\"position\":1,\"name\":\"Accueil\",\"item\":\"https:\\\/\\\/electricienera.fr\\\/\"},{\"@type\":\"ListItem\",\"position\":2,\"name\":\"Eclairage\"}]},{\"@type\":\"WebSite\",\"@id\":\"https:\\\/\\\/electricienera.fr\\\/#website\",\"url\":\"https:\\\/\\\/electricienera.fr\\\/\",\"name\":\"Entreprise ERA\",\"description\":\"\u00e9lectricit\u00e9 g\u00e9n\u00e9rales depuis 1993\",\"publisher\":{\"@id\":\"https:\\\/\\\/electricienera.fr\\\/#organization\"},\"potentialAction\":[{\"@type\":\"SearchAction\",\"target\":{\"@type\":\"EntryPoint\",\"urlTemplate\":\"https:\\\/\\\/electricienera.fr\\\/?s={search_term_string}\"},\"query-input\":{\"@type\":\"PropertyValueSpecification\",\"valueRequired\":true,\"valueName\":\"search_term_string\"}}],\"inLanguage\":\"fr-FR\"},{\"@type\":\"Organization\",\"@id\":\"https:\\\/\\\/electricienera.fr\\\/#organization\",\"name\":\"Entreprise ERA\",\"url\":\"https:\\\/\\\/electricienera.fr\\\/\",\"logo\":{\"@type\":\"ImageObject\",\"inLanguage\":\"fr-FR\",\"@id\":\"https:\\\/\\\/electricienera.fr\\\/#\\\/schema\\\/logo\\\/image\\\/\",\"url\":\"https:\\\/\\\/electricienera.fr\\\/wp-content\\\/uploads\\\/2025\\\/07\\\/cropped-logo-electricien-2.jpg\",\"contentUrl\":\"https:\\\/\\\/electricienera.fr\\\/wp-content\\\/uploads\\\/2025\\\/07\\\/cropped-logo-electricien-2.jpg\",\"width\":512,\"height\":512,\"caption\":\"Entreprise ERA\"},\"image\":{\"@id\":\"https:\\\/\\\/electricienera.fr\\\/#\\\/schema\\\/logo\\\/image\\\/\"}}]}<\/script>\n<!-- \/ Yoast SEO plugin. -->","yoast_head_json":{"title":"Eclairage - Entreprise ERA","description":"Entreprise ERA \u00e9lectricit\u00e9 g\u00e9n\u00e9rale situ\u00e9 \u00e0 GENAY, d\u00e9pannage et installation \u00e9lectrique pour particulier et professionnel","robots":{"index":"index","follow":"follow","max-snippet":"max-snippet:-1","max-image-preview":"max-image-preview:large","max-video-preview":"max-video-preview:-1"},"canonical":"https:\/\/electricienera.fr\/?page_id=159","og_locale":"fr_FR","og_type":"article","og_title":"Eclairage - Entreprise ERA","og_description":"Entreprise ERA \u00e9lectricit\u00e9 g\u00e9n\u00e9rale situ\u00e9 \u00e0 GENAY, d\u00e9pannage et installation \u00e9lectrique pour particulier et professionnel","og_url":"https:\/\/electricienera.fr\/?page_id=159","og_site_name":"Entreprise ERA","article_modified_time":"2025-07-18T05:36:42+00:00","og_image":[{"width":1307,"height":787,"url":"https:\/\/electricienera.fr\/wp-content\/uploads\/2025\/07\/Rack-Stockage.jpg","type":"image\/jpeg"}],"twitter_card":"summary_large_image","twitter_misc":{"Dur\u00e9e de lecture estim\u00e9e":"3 minutes"},"schema":{"@context":"https:\/\/schema.org","@graph":[{"@type":"WebPage","@id":"https:\/\/electricienera.fr\/?page_id=159","url":"https:\/\/electricienera.fr\/?page_id=159","name":"Eclairage - Entreprise ERA","isPartOf":{"@id":"https:\/\/electricienera.fr\/#website"},"primaryImageOfPage":{"@id":"https:\/\/electricienera.fr\/?page_id=159#primaryimage"},"image":{"@id":"https:\/\/electricienera.fr\/?page_id=159#primaryimage"},"thumbnailUrl":"https:\/\/electricienera.fr\/wp-content\/uploads\/2025\/07\/Rack-Stockage-1024x617.jpg","datePublished":"2025-07-12T07:54:00+00:00","dateModified":"2025-07-18T05:36:42+00:00","description":"Entreprise ERA \u00e9lectricit\u00e9 g\u00e9n\u00e9rale situ\u00e9 \u00e0 GENAY, d\u00e9pannage et installation \u00e9lectrique pour particulier et professionnel","breadcrumb":{"@id":"https:\/\/electricienera.fr\/?page_id=159#breadcrumb"},"inLanguage":"fr-FR","potentialAction":[{"@type":"ReadAction","target":["https:\/\/electricienera.fr\/?page_id=159"]}]},{"@type":"ImageObject","inLanguage":"fr-FR","@id":"https:\/\/electricienera.fr\/?page_id=159#primaryimage","url":"https:\/\/electricienera.fr\/wp-content\/uploads\/2025\/07\/Rack-Stockage.jpg","contentUrl":"https:\/\/electricienera.fr\/wp-content\/uploads\/2025\/07\/Rack-Stockage.jpg","width":1307,"height":787},{"@type":"BreadcrumbList","@id":"https:\/\/electricienera.fr\/?page_id=159#breadcrumb","itemListElement":[{"@type":"ListItem","position":1,"name":"Accueil","item":"https:\/\/electricienera.fr\/"},{"@type":"ListItem","position":2,"name":"Eclairage"}]},{"@type":"WebSite","@id":"https:\/\/electricienera.fr\/#website","url":"https:\/\/electricienera.fr\/","name":"Entreprise ERA","description":"\u00e9lectricit\u00e9 g\u00e9n\u00e9rales depuis 1993","publisher":{"@id":"https:\/\/electricienera.fr\/#organization"},"potentialAction":[{"@type":"SearchAction","target":{"@type":"EntryPoint","urlTemplate":"https:\/\/electricienera.fr\/?s={search_term_string}"},"query-input":{"@type":"PropertyValueSpecification","valueRequired":true,"valueName":"search_term_string"}}],"inLanguage":"fr-FR"},{"@type":"Organization","@id":"https:\/\/electricienera.fr\/#organization","name":"Entreprise ERA","url":"https:\/\/electricienera.fr\/","logo":{"@type":"ImageObject","inLanguage":"fr-FR","@id":"https:\/\/electricienera.fr\/#\/schema\/logo\/image\/","url":"https:\/\/electricienera.fr\/wp-content\/uploads\/2025\/07\/cropped-logo-electricien-2.jpg","contentUrl":"https:\/\/electricienera.fr\/wp-content\/uploads\/2025\/07\/cropped-logo-electricien-2.jpg","width":512,"height":512,"caption":"Entreprise ERA"},"image":{"@id":"https:\/\/electricienera.fr\/#\/schema\/logo\/image\/"}}]}},"_links":{"self":[{"href":"https:\/\/electricienera.fr\/index.php?rest_route=\/wp\/v2\/pages\/159","targetHints":{"allow":["GET"]}}],"collection":[{"href":"https:\/\/electricienera.fr\/index.php?rest_route=\/wp\/v2\/pages"}],"about":[{"href":"https:\/\/electricienera.fr\/index.php?rest_route=\/wp\/v2\/types\/page"}],"author":[{"embeddable":true,"href":"https:\/\/electricienera.fr\/index.php?rest_route=\/wp\/v2\/users\/1"}],"replies":[{"embeddable":true,"href":"https:\/\/electricienera.fr\/index.php?rest_route=%2Fwp%2Fv2%2Fcomments&post=159"}],"version-history":[{"count":24,"href":"https:\/\/electricienera.fr\/index.php?rest_route=\/wp\/v2\/pages\/159\/revisions"}],"predecessor-version":[{"id":650,"href":"https:\/\/electricienera.fr\/index.php?rest_route=\/wp\/v2\/pages\/159\/revisions\/650"}],"wp:attachment":[{"href":"https:\/\/electricienera.fr\/index.php?rest_route=%2Fwp%2Fv2%2Fmedia&parent=159"}],"curies":[{"name":"wp","href":"https:\/\/api.w.org\/{rel}","templated":true}]}}