{"id":16,"date":"2025-07-10T11:02:27","date_gmt":"2025-07-10T09:02:27","guid":{"rendered":"https:\/\/electricienera.fr\/?page_id=16"},"modified":"2025-07-14T10:51:57","modified_gmt":"2025-07-14T08:51:57","slug":"a-propos-2","status":"publish","type":"page","link":"https:\/\/electricienera.fr\/?page_id=16","title":{"rendered":"A propos"},"content":{"rendered":"\n<p><\/p>\n\n\n\n<div class=\"wp-block-group alignfull is-layout-flow wp-block-group-is-layout-flow\">\n<div class=\"wp-block-group alignfull is-layout-flow wp-block-group-is-layout-flow\">\n<div class=\"wp-block-group author-introduction-pattern has-global-padding is-layout-constrained wp-container-core-group-is-layout-9243c0fd wp-block-group-is-layout-constrained\" style=\"padding-top:var(--wp--preset--spacing--superbspacing-small);padding-right:var(--wp--preset--spacing--superbspacing-small);padding-bottom:var(--wp--preset--spacing--superbspacing-xsmall);padding-left:var(--wp--preset--spacing--superbspacing-small)\">\n<figure class=\"wp-block-image size-full is-resized has-custom-border\"><img decoding=\"async\" width=\"1920\" height=\"1080\" src=\"https:\/\/electricienera.fr\/wp-content\/uploads\/2025\/07\/vlcsnap-2025-07-10-14h50m42s406.png\" alt=\"\" class=\"wp-image-335\" style=\"border-radius:16px;width:499px;height:auto\" srcset=\"https:\/\/electricienera.fr\/wp-content\/uploads\/2025\/07\/vlcsnap-2025-07-10-14h50m42s406.png 1920w, https:\/\/electricienera.fr\/wp-content\/uploads\/2025\/07\/vlcsnap-2025-07-10-14h50m42s406-300x169.png 300w, https:\/\/electricienera.fr\/wp-content\/uploads\/2025\/07\/vlcsnap-2025-07-10-14h50m42s406-1024x576.png 1024w, https:\/\/electricienera.fr\/wp-content\/uploads\/2025\/07\/vlcsnap-2025-07-10-14h50m42s406-768x432.png 768w, https:\/\/electricienera.fr\/wp-content\/uploads\/2025\/07\/vlcsnap-2025-07-10-14h50m42s406-1536x864.png 1536w\" sizes=\"(max-width: 1920px) 100vw, 1920px\" \/><\/figure>\n\n\n\n<h1 class=\"wp-block-heading has-superbfont-large-font-size\">Depuis 1993 <\/h1>\n\n\n\n<p class=\"has-mono-2-color has-text-color has-link-color has-superbfont-xsmall-font-size wp-elements-1ff641a4765bd2def6da765ea5698122\">L&#8217;entreprise ERA Electricit\u00e9 accompagne les particuliers, les professionnels et les collectivit\u00e9s dans tous leurs projets \u00e9lectriques. bas\u00e9e \u00e0 Genay (69730) .<\/p>\n\n\n\n<p><strong>Une expertise de plus de 30 ans <\/strong><\/p>\n\n\n\n<p>Cr\u00e9\u00e9e en 1993, ERA \u00e9lectricit\u00e9 a su \u00e9voluer avec son temps. Notre longue exp\u00e9rience nous permet d&#8217;intervenir sur tous types d&#8217;installations \u00e9lectriques :<\/p>\n\n\n\n<ul class=\"wp-block-list\">\n<li>Tableau \u00e9lectriques<\/li>\n\n\n\n<li>Eclairages led int\u00e9rieur et ext\u00e9rieur<\/li>\n\n\n\n<li>Installations industrielles<\/li>\n\n\n\n<li>R\u00e9seaux informatiques<\/li>\n\n\n\n<li>Ventilation VMC <\/li>\n<\/ul>\n\n\n\n<div class=\"wp-block-group has-global-padding is-layout-constrained wp-block-group-is-layout-constrained\">\n<div class=\"wp-block-media-text alignwide is-stacked-on-mobile is-vertically-aligned-center\" style=\"grid-template-columns:15% auto\"><figure class=\"wp-block-media-text__media\"><img decoding=\"async\" width=\"768\" height=\"1024\" src=\"https:\/\/electricienera.fr\/wp-content\/uploads\/2025\/07\/20230627_095527-768x1024.jpg\" alt=\"\" class=\"wp-image-38 size-full\" srcset=\"https:\/\/electricienera.fr\/wp-content\/uploads\/2025\/07\/20230627_095527-768x1024.jpg 768w, https:\/\/electricienera.fr\/wp-content\/uploads\/2025\/07\/20230627_095527-225x300.jpg 225w, https:\/\/electricienera.fr\/wp-content\/uploads\/2025\/07\/20230627_095527-1152x1536.jpg 1152w, https:\/\/electricienera.fr\/wp-content\/uploads\/2025\/07\/20230627_095527-1536x2048.jpg 1536w, https:\/\/electricienera.fr\/wp-content\/uploads\/2025\/07\/20230627_095527-scaled.jpg 1920w\" sizes=\"(max-width: 768px) 100vw, 768px\" \/><\/figure><div class=\"wp-block-media-text__content\">\n<div class=\"wp-block-buttons is-layout-flex wp-block-buttons-is-layout-flex\"><\/div>\n\n\n\n<p><\/p>\n\n\n\n<p class=\"has-dm-serif-display-font-family has-superbfont-small-font-size\" style=\"margin-top:0px;margin-right:0px;margin-bottom:0px;margin-left:0px;padding-top:14px;padding-right:0px;padding-bottom:0px;padding-left:0px;font-style:normal;font-weight:600\">Franck SAIKI<\/p>\n\n\n\n<p class=\"has-mono-2-color has-text-color has-link-color has-superbfont-xsmall-font-size wp-elements-2008b73f042eba5feda0fd72c5b47380\" style=\"margin-top:4px\">dirigeant Entreprise ERA \u00e9lectricit\u00e9<\/p>\n\n\n\n<p>356, rue des Mignoti\u00e8res<\/p>\n\n\n\n<p>69730 GENAY<\/p>\n\n\n\n<p>Siret : 39119765400042<\/p>\n\n\n\n<p>R\u00e9f\u00e9rence du contrat assurance d\u00e9cennal et civil APRIL num\u00e9ro : 20012557652<\/p>\n\n\n\n<div class=\"wp-block-buttons is-content-justification-center is-layout-flex wp-container-core-buttons-is-layout-a89b3969 wp-block-buttons-is-layout-flex\">\n<div class=\"wp-block-button\"><a class=\"wp-block-button__link wp-element-button\" href=\"tel:0603561101\">Contacter nous<\/a><\/div>\n<\/div>\n<\/div><\/div>\n<\/div>\n<\/div>\n\n\n\n<div class=\"wp-block-group has-global-padding is-layout-constrained wp-container-core-group-is-layout-63f6eef5 wp-block-group-is-layout-constrained\" style=\"padding-top:var(--wp--preset--spacing--superbspacing-xsmall);padding-right:var(--wp--preset--spacing--superbspacing-small);padding-bottom:var(--wp--preset--spacing--superbspacing-xsmall);padding-left:var(--wp--preset--spacing--superbspacing-small)\">\n<p>Chez ERA \u00e9lectricit\u00e9, nous pla\u00e7ons la qualit\u00e9 du travail, la s\u00e9curit\u00e9 et la satisfaction client au c\u0153ur de nos priorit\u00e9s. chaque chantier est r\u00e9alis\u00e9 avec rigueur, dans le respect des normes en vigueur .<\/p>\n\n\n\n<p><strong>ERA \u00e9lectricit\u00e9 , c&#8217;est plus qu&#8217;un \u00e9lectricien &#8211; c&#8217;est un partenaire de confiance depuis plus de 30 ans<\/strong><\/p>\n\n\n\n<p><\/p>\n<\/div>\n<\/div>\n\n\n\n<div class=\"wp-block-group alignfull has-base-background-color has-background has-global-padding is-layout-constrained wp-container-core-group-is-layout-8e9096b7 wp-block-group-is-layout-constrained\" style=\"margin-top:0;margin-bottom:0;padding-top:var(--wp--preset--spacing--superbspacing-xxlarge);padding-right:var(--wp--preset--spacing--superbspacing-small);padding-bottom:var(--wp--preset--spacing--superbspacing-xxlarge);padding-left:var(--wp--preset--spacing--superbspacing-small)\">\n<div class=\"wp-block-cover alignwide is-light\" style=\"border-radius:8px;padding-top:var(--wp--preset--spacing--superbspacing-xxlarge);padding-right:var(--wp--preset--spacing--superbspacing-medium);padding-bottom:var(--wp--preset--spacing--superbspacing-xxlarge);padding-left:var(--wp--preset--spacing--superbspacing-medium)\"><img decoding=\"async\" width=\"768\" height=\"1024\" class=\"wp-block-cover__image-background wp-image-200 size-large\" alt=\"\" src=\"https:\/\/electricienera.fr\/wp-content\/uploads\/2025\/07\/20240917_105951-768x1024.jpg\" data-object-fit=\"cover\" srcset=\"https:\/\/electricienera.fr\/wp-content\/uploads\/2025\/07\/20240917_105951-768x1024.jpg 768w, https:\/\/electricienera.fr\/wp-content\/uploads\/2025\/07\/20240917_105951-225x300.jpg 225w, https:\/\/electricienera.fr\/wp-content\/uploads\/2025\/07\/20240917_105951-1152x1536.jpg 1152w, https:\/\/electricienera.fr\/wp-content\/uploads\/2025\/07\/20240917_105951-1536x2048.jpg 1536w, https:\/\/electricienera.fr\/wp-content\/uploads\/2025\/07\/20240917_105951-scaled.jpg 1920w\" sizes=\"(max-width: 768px) 100vw, 768px\" \/><span aria-hidden=\"true\" class=\"wp-block-cover__background has-background-dim-20 has-background-dim\" style=\"background-color:#a1a1a0\"><\/span><div class=\"wp-block-cover__inner-container has-global-padding is-layout-constrained wp-container-core-cover-is-layout-5c6e2135 wp-block-cover-is-layout-constrained\">\n<p class=\"has-text-align-center has-large-font-size\"><\/p>\n<\/div><\/div>\n<\/div>\n\n\n\n<div class=\"wp-block-buttons is-content-justification-center is-layout-flex wp-container-core-buttons-is-layout-a89b3969 wp-block-buttons-is-layout-flex\">\n<div class=\"wp-block-button\"><a class=\"wp-block-button__link wp-element-button\" href=\"tel:0603561101\">Contacter nous<\/a><\/div>\n<\/div>\n<\/div>\n","protected":false},"excerpt":{"rendered":"<p>Depuis 1993 L&#8217;entreprise ERA Electricit\u00e9 accompagne les particuliers, les professionnels et les collectivit\u00e9s dans tous leurs projets \u00e9lectriques. bas\u00e9e \u00e0 Genay (69730) . Une expertise de plus de 30 ans Cr\u00e9\u00e9e en 1993, ERA \u00e9lectricit\u00e9 a su \u00e9voluer avec son temps. Notre longue exp\u00e9rience nous permet d&#8217;intervenir sur tous types d&#8217;installations \u00e9lectriques : Franck SAIKI [&hellip;]<\/p>\n","protected":false},"author":1,"featured_media":0,"parent":0,"menu_order":0,"comment_status":"closed","ping_status":"closed","template":"","meta":{"om_disable_all_campaigns":false,"footnotes":""},"class_list":["post-16","page","type-page","status-publish","hentry"],"aioseo_notices":[],"yoast_head":"<!-- This site is optimized with the Yoast SEO plugin v27.5 - https:\/\/yoast.com\/product\/yoast-seo-wordpress\/ -->\n<title>A propos - Entreprise ERA<\/title>\n<meta name=\"robots\" content=\"index, follow, max-snippet:-1, max-image-preview:large, max-video-preview:-1\" \/>\n<link rel=\"canonical\" href=\"https:\/\/electricienera.fr\/?page_id=16\" \/>\n<meta property=\"og:locale\" content=\"fr_FR\" \/>\n<meta property=\"og:type\" content=\"article\" \/>\n<meta property=\"og:title\" content=\"A propos - Entreprise ERA\" \/>\n<meta property=\"og:description\" content=\"Depuis 1993 L&#8217;entreprise ERA Electricit\u00e9 accompagne les particuliers, les professionnels et les collectivit\u00e9s dans tous leurs projets \u00e9lectriques. bas\u00e9e \u00e0 Genay (69730) . Une expertise de plus de 30 ans Cr\u00e9\u00e9e en 1993, ERA \u00e9lectricit\u00e9 a su \u00e9voluer avec son temps. Notre longue exp\u00e9rience nous permet d&#8217;intervenir sur tous types d&#8217;installations \u00e9lectriques : Franck SAIKI [&hellip;]\" \/>\n<meta property=\"og:url\" content=\"https:\/\/electricienera.fr\/?page_id=16\" \/>\n<meta property=\"og:site_name\" content=\"Entreprise ERA\" \/>\n<meta property=\"article:modified_time\" content=\"2025-07-14T08:51:57+00:00\" \/>\n<meta property=\"og:image\" content=\"https:\/\/electricienera.fr\/wp-content\/uploads\/2025\/07\/vlcsnap-2025-07-10-14h50m42s406-1024x576.png\" \/>\n\t<meta property=\"og:image:width\" content=\"1024\" \/>\n\t<meta property=\"og:image:height\" content=\"576\" \/>\n\t<meta property=\"og:image:type\" content=\"image\/png\" \/>\n<meta name=\"twitter:card\" content=\"summary_large_image\" \/>\n<meta name=\"twitter:label1\" content=\"Dur\u00e9e de lecture estim\u00e9e\" \/>\n\t<meta name=\"twitter:data1\" content=\"1 minute\" \/>\n<script type=\"application\/ld+json\" class=\"yoast-schema-graph\">{\"@context\":\"https:\\\/\\\/schema.org\",\"@graph\":[{\"@type\":\"WebPage\",\"@id\":\"https:\\\/\\\/electricienera.fr\\\/?page_id=16\",\"url\":\"https:\\\/\\\/electricienera.fr\\\/?page_id=16\",\"name\":\"A propos - Entreprise ERA\",\"isPartOf\":{\"@id\":\"https:\\\/\\\/electricienera.fr\\\/#website\"},\"primaryImageOfPage\":{\"@id\":\"https:\\\/\\\/electricienera.fr\\\/?page_id=16#primaryimage\"},\"image\":{\"@id\":\"https:\\\/\\\/electricienera.fr\\\/?page_id=16#primaryimage\"},\"thumbnailUrl\":\"https:\\\/\\\/electricienera.fr\\\/wp-content\\\/uploads\\\/2025\\\/07\\\/vlcsnap-2025-07-10-14h50m42s406.png\",\"datePublished\":\"2025-07-10T09:02:27+00:00\",\"dateModified\":\"2025-07-14T08:51:57+00:00\",\"breadcrumb\":{\"@id\":\"https:\\\/\\\/electricienera.fr\\\/?page_id=16#breadcrumb\"},\"inLanguage\":\"fr-FR\",\"potentialAction\":[{\"@type\":\"ReadAction\",\"target\":[\"https:\\\/\\\/electricienera.fr\\\/?page_id=16\"]}]},{\"@type\":\"ImageObject\",\"inLanguage\":\"fr-FR\",\"@id\":\"https:\\\/\\\/electricienera.fr\\\/?page_id=16#primaryimage\",\"url\":\"https:\\\/\\\/electricienera.fr\\\/wp-content\\\/uploads\\\/2025\\\/07\\\/vlcsnap-2025-07-10-14h50m42s406.png\",\"contentUrl\":\"https:\\\/\\\/electricienera.fr\\\/wp-content\\\/uploads\\\/2025\\\/07\\\/vlcsnap-2025-07-10-14h50m42s406.png\",\"width\":1920,\"height\":1080},{\"@type\":\"BreadcrumbList\",\"@id\":\"https:\\\/\\\/electricienera.fr\\\/?page_id=16#breadcrumb\",\"itemListElement\":[{\"@type\":\"ListItem\",\"position\":1,\"name\":\"Accueil\",\"item\":\"https:\\\/\\\/electricienera.fr\\\/\"},{\"@type\":\"ListItem\",\"position\":2,\"name\":\"A propos\"}]},{\"@type\":\"WebSite\",\"@id\":\"https:\\\/\\\/electricienera.fr\\\/#website\",\"url\":\"https:\\\/\\\/electricienera.fr\\\/\",\"name\":\"Entreprise ERA\",\"description\":\"\u00e9lectricit\u00e9 g\u00e9n\u00e9rales depuis 1993\",\"publisher\":{\"@id\":\"https:\\\/\\\/electricienera.fr\\\/#organization\"},\"potentialAction\":[{\"@type\":\"SearchAction\",\"target\":{\"@type\":\"EntryPoint\",\"urlTemplate\":\"https:\\\/\\\/electricienera.fr\\\/?s={search_term_string}\"},\"query-input\":{\"@type\":\"PropertyValueSpecification\",\"valueRequired\":true,\"valueName\":\"search_term_string\"}}],\"inLanguage\":\"fr-FR\"},{\"@type\":\"Organization\",\"@id\":\"https:\\\/\\\/electricienera.fr\\\/#organization\",\"name\":\"Entreprise ERA\",\"url\":\"https:\\\/\\\/electricienera.fr\\\/\",\"logo\":{\"@type\":\"ImageObject\",\"inLanguage\":\"fr-FR\",\"@id\":\"https:\\\/\\\/electricienera.fr\\\/#\\\/schema\\\/logo\\\/image\\\/\",\"url\":\"https:\\\/\\\/electricienera.fr\\\/wp-content\\\/uploads\\\/2025\\\/07\\\/cropped-logo-electricien-2.jpg\",\"contentUrl\":\"https:\\\/\\\/electricienera.fr\\\/wp-content\\\/uploads\\\/2025\\\/07\\\/cropped-logo-electricien-2.jpg\",\"width\":512,\"height\":512,\"caption\":\"Entreprise ERA\"},\"image\":{\"@id\":\"https:\\\/\\\/electricienera.fr\\\/#\\\/schema\\\/logo\\\/image\\\/\"}}]}<\/script>\n<!-- \/ Yoast SEO plugin. -->","yoast_head_json":{"title":"A propos - Entreprise ERA","robots":{"index":"index","follow":"follow","max-snippet":"max-snippet:-1","max-image-preview":"max-image-preview:large","max-video-preview":"max-video-preview:-1"},"canonical":"https:\/\/electricienera.fr\/?page_id=16","og_locale":"fr_FR","og_type":"article","og_title":"A propos - Entreprise ERA","og_description":"Depuis 1993 L&#8217;entreprise ERA Electricit\u00e9 accompagne les particuliers, les professionnels et les collectivit\u00e9s dans tous leurs projets \u00e9lectriques. bas\u00e9e \u00e0 Genay (69730) . Une expertise de plus de 30 ans Cr\u00e9\u00e9e en 1993, ERA \u00e9lectricit\u00e9 a su \u00e9voluer avec son temps. Notre longue exp\u00e9rience nous permet d&#8217;intervenir sur tous types d&#8217;installations \u00e9lectriques : Franck SAIKI [&hellip;]","og_url":"https:\/\/electricienera.fr\/?page_id=16","og_site_name":"Entreprise ERA","article_modified_time":"2025-07-14T08:51:57+00:00","og_image":[{"width":1024,"height":576,"url":"https:\/\/electricienera.fr\/wp-content\/uploads\/2025\/07\/vlcsnap-2025-07-10-14h50m42s406-1024x576.png","type":"image\/png"}],"twitter_card":"summary_large_image","twitter_misc":{"Dur\u00e9e de lecture estim\u00e9e":"1 minute"},"schema":{"@context":"https:\/\/schema.org","@graph":[{"@type":"WebPage","@id":"https:\/\/electricienera.fr\/?page_id=16","url":"https:\/\/electricienera.fr\/?page_id=16","name":"A propos - Entreprise ERA","isPartOf":{"@id":"https:\/\/electricienera.fr\/#website"},"primaryImageOfPage":{"@id":"https:\/\/electricienera.fr\/?page_id=16#primaryimage"},"image":{"@id":"https:\/\/electricienera.fr\/?page_id=16#primaryimage"},"thumbnailUrl":"https:\/\/electricienera.fr\/wp-content\/uploads\/2025\/07\/vlcsnap-2025-07-10-14h50m42s406.png","datePublished":"2025-07-10T09:02:27+00:00","dateModified":"2025-07-14T08:51:57+00:00","breadcrumb":{"@id":"https:\/\/electricienera.fr\/?page_id=16#breadcrumb"},"inLanguage":"fr-FR","potentialAction":[{"@type":"ReadAction","target":["https:\/\/electricienera.fr\/?page_id=16"]}]},{"@type":"ImageObject","inLanguage":"fr-FR","@id":"https:\/\/electricienera.fr\/?page_id=16#primaryimage","url":"https:\/\/electricienera.fr\/wp-content\/uploads\/2025\/07\/vlcsnap-2025-07-10-14h50m42s406.png","contentUrl":"https:\/\/electricienera.fr\/wp-content\/uploads\/2025\/07\/vlcsnap-2025-07-10-14h50m42s406.png","width":1920,"height":1080},{"@type":"BreadcrumbList","@id":"https:\/\/electricienera.fr\/?page_id=16#breadcrumb","itemListElement":[{"@type":"ListItem","position":1,"name":"Accueil","item":"https:\/\/electricienera.fr\/"},{"@type":"ListItem","position":2,"name":"A propos"}]},{"@type":"WebSite","@id":"https:\/\/electricienera.fr\/#website","url":"https:\/\/electricienera.fr\/","name":"Entreprise ERA","description":"\u00e9lectricit\u00e9 g\u00e9n\u00e9rales depuis 1993","publisher":{"@id":"https:\/\/electricienera.fr\/#organization"},"potentialAction":[{"@type":"SearchAction","target":{"@type":"EntryPoint","urlTemplate":"https:\/\/electricienera.fr\/?s={search_term_string}"},"query-input":{"@type":"PropertyValueSpecification","valueRequired":true,"valueName":"search_term_string"}}],"inLanguage":"fr-FR"},{"@type":"Organization","@id":"https:\/\/electricienera.fr\/#organization","name":"Entreprise ERA","url":"https:\/\/electricienera.fr\/","logo":{"@type":"ImageObject","inLanguage":"fr-FR","@id":"https:\/\/electricienera.fr\/#\/schema\/logo\/image\/","url":"https:\/\/electricienera.fr\/wp-content\/uploads\/2025\/07\/cropped-logo-electricien-2.jpg","contentUrl":"https:\/\/electricienera.fr\/wp-content\/uploads\/2025\/07\/cropped-logo-electricien-2.jpg","width":512,"height":512,"caption":"Entreprise ERA"},"image":{"@id":"https:\/\/electricienera.fr\/#\/schema\/logo\/image\/"}}]}},"_links":{"self":[{"href":"https:\/\/electricienera.fr\/index.php?rest_route=\/wp\/v2\/pages\/16","targetHints":{"allow":["GET"]}}],"collection":[{"href":"https:\/\/electricienera.fr\/index.php?rest_route=\/wp\/v2\/pages"}],"about":[{"href":"https:\/\/electricienera.fr\/index.php?rest_route=\/wp\/v2\/types\/page"}],"author":[{"embeddable":true,"href":"https:\/\/electricienera.fr\/index.php?rest_route=\/wp\/v2\/users\/1"}],"replies":[{"embeddable":true,"href":"https:\/\/electricienera.fr\/index.php?rest_route=%2Fwp%2Fv2%2Fcomments&post=16"}],"version-history":[{"count":9,"href":"https:\/\/electricienera.fr\/index.php?rest_route=\/wp\/v2\/pages\/16\/revisions"}],"predecessor-version":[{"id":608,"href":"https:\/\/electricienera.fr\/index.php?rest_route=\/wp\/v2\/pages\/16\/revisions\/608"}],"wp:attachment":[{"href":"https:\/\/electricienera.fr\/index.php?rest_route=%2Fwp%2Fv2%2Fmedia&parent=16"}],"curies":[{"name":"wp","href":"https:\/\/api.w.org\/{rel}","templated":true}]}}