{"id":169,"date":"2025-07-12T10:02:12","date_gmt":"2025-07-12T08:02:12","guid":{"rendered":"https:\/\/electricienera.fr\/?page_id=169"},"modified":"2025-07-19T07:57:20","modified_gmt":"2025-07-19T05:57:20","slug":"ventilation-vmc","status":"publish","type":"page","link":"https:\/\/electricienera.fr\/?page_id=169","title":{"rendered":"Ventilation VMC"},"content":{"rendered":"\n<div class=\"wp-block-group alignfull superbthemes-navigation-004 is-layout-flow wp-block-group-is-layout-flow\" style=\"margin-top:0;margin-bottom:0\">\n<div class=\"wp-block-cover\" style=\"margin-top:0;margin-bottom:0;padding-top:var(--wp--preset--spacing--superbspacing-xxlarge);padding-right:0;padding-bottom:var(--wp--preset--spacing--superbspacing-xxlarge);padding-left:0;min-height:789px;aspect-ratio:unset;\"><img decoding=\"async\" width=\"1024\" height=\"1024\" class=\"wp-block-cover__image-background wp-image-36 size-large\" alt=\"\" src=\"https:\/\/electricienera.fr\/wp-content\/uploads\/2025\/07\/20230322_085549-1024x1024.jpg\" style=\"object-position:47% 0%\" data-object-fit=\"cover\" data-object-position=\"47% 0%\" srcset=\"https:\/\/electricienera.fr\/wp-content\/uploads\/2025\/07\/20230322_085549-1024x1024.jpg 1024w, https:\/\/electricienera.fr\/wp-content\/uploads\/2025\/07\/20230322_085549-300x300.jpg 300w, https:\/\/electricienera.fr\/wp-content\/uploads\/2025\/07\/20230322_085549-150x150.jpg 150w, https:\/\/electricienera.fr\/wp-content\/uploads\/2025\/07\/20230322_085549-768x768.jpg 768w, https:\/\/electricienera.fr\/wp-content\/uploads\/2025\/07\/20230322_085549-1536x1536.jpg 1536w, https:\/\/electricienera.fr\/wp-content\/uploads\/2025\/07\/20230322_085549-2048x2048.jpg 2048w\" sizes=\"(max-width: 1024px) 100vw, 1024px\" \/><span aria-hidden=\"true\" class=\"wp-block-cover__background has-mono-1-background-color has-background-dim\"><\/span><div class=\"wp-block-cover__inner-container is-layout-flow wp-container-core-cover-is-layout-d0f87605 wp-block-cover-is-layout-flow\">\n<div class=\"wp-block-group alignwide has-global-padding is-layout-constrained wp-container-core-group-is-layout-657d53b7 wp-block-group-is-layout-constrained\" style=\"padding-right:var(--wp--preset--spacing--superbspacing-small);padding-left:var(--wp--preset--spacing--superbspacing-small)\">\n<div class=\"wp-block-group alignwide has-global-padding is-layout-constrained wp-container-core-group-is-layout-41c06ba8 wp-block-group-is-layout-constrained\">\n<h1 class=\"wp-block-heading alignwide has-text-align-center has-contrast-light-color has-text-color has-superbfont-xxlarge-font-size\" style=\"font-style:normal;font-weight:700\">Installation et entretien de VMC<\/h1>\n<\/div>\n<\/div>\n<\/div><\/div>\n<\/div>\n\n\n\n<div class=\"wp-block-group alignfull has-mono-4-background-color has-background has-global-padding is-layout-constrained wp-container-core-group-is-layout-0fb8dd87 wp-block-group-is-layout-constrained\" style=\"margin-top:0;margin-bottom:0;padding-top:var(--wp--preset--spacing--superbspacing-medium);padding-right:var(--wp--preset--spacing--superbspacing-small);padding-bottom:var(--wp--preset--spacing--superbspacing-medium);padding-left:var(--wp--preset--spacing--superbspacing-small)\">\n<div class=\"wp-block-columns alignwide is-layout-flex wp-container-core-columns-is-layout-25593187 wp-block-columns-is-layout-flex\">\n<div class=\"wp-block-column is-vertically-aligned-top is-layout-flow wp-container-core-column-is-layout-b101977f wp-block-column-is-layout-flow\" style=\"padding-right:0;padding-bottom:0;padding-left:0\">\n<h3 class=\"wp-block-heading has-text-align-left has-superbfont-xlarge-font-size\">Respirez un air plus sain dans votre logement ou local professionnel <\/h3>\n<\/div>\n\n\n\n<div class=\"wp-block-column is-vertically-aligned-center is-layout-flow wp-container-core-column-is-layout-a1628350 wp-block-column-is-layout-flow\" style=\"padding-top:0;padding-right:0;padding-bottom:0;padding-left:0\">\n<p>Depuis 1993 , entreprise ERA intervient pour la pose, le d\u00e9pannage et l&#8217;entretien de VMC pour particulier et entreprises  dans la r\u00e9gion Rh\u00f4ne alpes<\/p>\n\n\n\n<div class=\"wp-block-buttons is-content-justification-center is-layout-flex wp-container-core-buttons-is-layout-a89b3969 wp-block-buttons-is-layout-flex\">\n<div class=\"wp-block-button\"><a class=\"wp-block-button__link has-vivid-cyan-blue-background-color has-background wp-element-button\" href=\"tel:0603561101\">Contacter nous<\/a><\/div>\n<\/div>\n<\/div>\n<\/div>\n\n\n\n<div class=\"wp-block-cover alignwide\"><img decoding=\"async\" width=\"1920\" height=\"2560\" class=\"wp-block-cover__image-background wp-image-59\" alt=\"\" src=\"https:\/\/electricienera.fr\/wp-content\/uploads\/2025\/07\/20240524_101428-scaled.jpg\" data-object-fit=\"cover\" srcset=\"https:\/\/electricienera.fr\/wp-content\/uploads\/2025\/07\/20240524_101428-scaled.jpg 1920w, https:\/\/electricienera.fr\/wp-content\/uploads\/2025\/07\/20240524_101428-225x300.jpg 225w, https:\/\/electricienera.fr\/wp-content\/uploads\/2025\/07\/20240524_101428-768x1024.jpg 768w, https:\/\/electricienera.fr\/wp-content\/uploads\/2025\/07\/20240524_101428-1152x1536.jpg 1152w, https:\/\/electricienera.fr\/wp-content\/uploads\/2025\/07\/20240524_101428-1536x2048.jpg 1536w\" sizes=\"(max-width: 1920px) 100vw, 1920px\" \/><span aria-hidden=\"true\" class=\"wp-block-cover__background has-background-dim\"><\/span><div class=\"wp-block-cover__inner-container is-layout-flow wp-block-cover-is-layout-flow\">\n<p class=\"has-text-align-center has-large-font-size\"><\/p>\n<\/div><\/div>\n<\/div>\n\n\n\n<div class=\"wp-block-group alignfull has-global-padding is-layout-constrained wp-container-core-group-is-layout-72f47186 wp-block-group-is-layout-constrained\" style=\"margin-top:0;margin-bottom:0;padding-top:var(--wp--preset--spacing--superbspacing-medium);padding-right:var(--wp--preset--spacing--superbspacing-small);padding-bottom:var(--wp--preset--spacing--superbspacing-medium);padding-left:var(--wp--preset--spacing--superbspacing-small)\">\n<div class=\"wp-block-columns alignwide is-layout-flex wp-container-core-columns-is-layout-28f84493 wp-block-columns-is-layout-flex\">\n<div class=\"wp-block-column has-border-color has-mono-3-border-color is-layout-flow wp-block-column-is-layout-flow\" style=\"border-width:1px;padding-top:var(--wp--preset--spacing--superbspacing-xsmall);padding-right:var(--wp--preset--spacing--superbspacing-xsmall);padding-bottom:var(--wp--preset--spacing--superbspacing-xsmall);padding-left:var(--wp--preset--spacing--superbspacing-xsmall)\">\n<figure class=\"wp-block-image size-full\"><img decoding=\"async\" src=\"https:\/\/superbdemo.com\/superb-addons-images\/wp-content\/uploads\/2024\/10\/ab10-banner-book.png\" alt=\"\"\/><\/figure>\n\n\n\n<h3 class=\"wp-block-heading has-superbfont-medium-font-size\" style=\"margin-top:0;margin-bottom:0\">Installation de VMC simple<\/h3>\n\n\n\n<p class=\"has-mono-2-color has-text-color has-superbfont-xsmall-font-size\" style=\"margin-top:var(--wp--preset--spacing--superbspacing-xxsmall);margin-bottom:0\">autor\u00e9glable ou hygror\u00e9glable.<\/p>\n<\/div>\n\n\n\n<div class=\"wp-block-column has-border-color has-mono-3-border-color is-layout-flow wp-block-column-is-layout-flow\" style=\"border-width:1px;padding-top:var(--wp--preset--spacing--superbspacing-xsmall);padding-right:var(--wp--preset--spacing--superbspacing-xsmall);padding-bottom:var(--wp--preset--spacing--superbspacing-xsmall);padding-left:var(--wp--preset--spacing--superbspacing-xsmall)\">\n<figure class=\"wp-block-image size-full\"><img decoding=\"async\" src=\"https:\/\/superbdemo.com\/superb-addons-images\/wp-content\/uploads\/2024\/10\/ab-10-banner-text.png\" alt=\"\"\/><\/figure>\n\n\n\n<h3 class=\"wp-block-heading has-superbfont-medium-font-size\" style=\"margin-top:0;margin-bottom:0\">Entretien et nettoyage de VMC<\/h3>\n\n\n\n<p class=\"has-mono-2-color has-text-color has-superbfont-xsmall-font-size\" style=\"margin-top:var(--wp--preset--spacing--superbspacing-xxsmall);margin-bottom:0\">bouches, gaines, moteur<\/p>\n<\/div>\n\n\n\n<div class=\"wp-block-column has-border-color has-mono-3-border-color is-layout-flow wp-block-column-is-layout-flow\" style=\"border-width:1px;padding-top:var(--wp--preset--spacing--superbspacing-xsmall);padding-right:var(--wp--preset--spacing--superbspacing-xsmall);padding-bottom:var(--wp--preset--spacing--superbspacing-xsmall);padding-left:var(--wp--preset--spacing--superbspacing-xsmall)\">\n<figure class=\"wp-block-image size-full\"><img decoding=\"async\" src=\"https:\/\/superbdemo.com\/superb-addons-images\/wp-content\/uploads\/2024\/10\/ab10-banner-globe.png\" alt=\"\"\/><\/figure>\n\n\n\n<h3 class=\"wp-block-heading has-superbfont-medium-font-size\" style=\"margin-top:0;margin-bottom:0\">Remplacement de VMC d\u00e9fectueuse<\/h3>\n\n\n\n<p class=\"has-mono-2-color has-text-color has-superbfont-xsmall-font-size\" style=\"margin-top:var(--wp--preset--spacing--superbspacing-xxsmall);margin-bottom:0\">simple flux <\/p>\n\n\n\n<div class=\"wp-block-buttons is-layout-flex wp-block-buttons-is-layout-flex\"><\/div>\n<\/div>\n<\/div>\n<\/div>\n\n\n\n<div class=\"wp-block-group alignfull has-global-padding is-layout-constrained wp-container-core-group-is-layout-4e17e602 wp-block-group-is-layout-constrained\" style=\"padding-top:var(--wp--preset--spacing--superbspacing-medium);padding-right:var(--wp--preset--spacing--superbspacing-small);padding-bottom:var(--wp--preset--spacing--superbspacing-medium);padding-left:var(--wp--preset--spacing--superbspacing-small)\">\n<h2 class=\"wp-block-heading has-text-align-left has-contrast-color has-text-color has-superbfont-large-font-size\">Pourquoi installer une VMC ?<\/h2>\n\n\n\n<div class=\"wp-block-group is-layout-flow wp-container-core-group-is-layout-3fbca637 wp-block-group-is-layout-flow\">\n<ul class=\"wp-block-list\">\n<li>Elimine l&#8217;humidit\u00e9 et \u00e9vite les moisissures<\/li>\n\n\n\n<li>Am\u00e9liore la qualit\u00e9 de l&#8217;air int\u00e9rieur<\/li>\n\n\n\n<li>Conforme aux normes de ventilation pour les logements neufs et ancien<\/li>\n\n\n\n<li>R\u00e9duit les risques d&#8217;allergie, de maux de t\u00eate ou de fatigue li\u00e9s \u00e0 un air vici\u00e9.<\/li>\n\n\n\n<li>Une VMC permet de r\u00e9guler l&#8217;humidit\u00e9 ambiante, surtout dans les pi\u00e8ces comme la salle de bain, la cuisine ou la buanderie<\/li>\n\n\n\n<li>La ventilation est obligatoire dans les logements neufs ou r\u00e9nov\u00e9s (normes RT 2012\/RE 2020).<\/li>\n\n\n\n<li>une VMC  limite les mauvaises odeurs<\/li>\n\n\n\n<li>\u00e9vite la sensation de renferm\u00e9<\/li>\n\n\n\n<li>Apporte un meilleur bien-\u00eatre g\u00e9n\u00e9ral<\/li>\n<\/ul>\n<\/div>\n<\/div>\n\n\n\n<div class=\"wp-block-buttons is-content-justification-center is-layout-flex wp-container-core-buttons-is-layout-a89b3969 wp-block-buttons-is-layout-flex\">\n<div class=\"wp-block-button\"><a class=\"wp-block-button__link has-vivid-cyan-blue-background-color has-background wp-element-button\" href=\"tel:0603561101\">Contacter nous <\/a><\/div>\n<\/div>\n\n\n\n<div class=\"wp-block-group alignfull has-global-padding is-layout-constrained wp-container-core-group-is-layout-6f728c96 wp-block-group-is-layout-constrained has-background\" style=\"margin-top:var(--wp--preset--spacing--superbspacing-medium);margin-bottom:var(--wp--preset--spacing--superbspacing-medium);padding-top:var(--wp--preset--spacing--superbspacing-xxlarge);padding-right:var(--wp--preset--spacing--superbspacing-small);padding-bottom:var(--wp--preset--spacing--superbspacing-xxlarge);padding-left:var(--wp--preset--spacing--superbspacing-small);background-image:url(&apos;https:\/\/superbdemo.com\/superb-addons-images\/wp-content\/uploads\/2024\/10\/ab10-cta-bg.jpeg&apos;);background-size:cover;\">\n<div class=\"wp-block-group has-global-padding is-content-justification-center is-layout-constrained wp-container-core-group-is-layout-bd993af7 wp-block-group-is-layout-constrained\">\n<h2 class=\"wp-block-heading has-text-align-left has-text-color has-superbfont-xlarge-font-size\" style=\"color:#fdfdfd\">Installer une VMC, c&#8217;est investir dans la sant\u00e9, la durabilit\u00e9 du logement et le confort, tout en respectant les normes. C&#8217;est une solution simple et efficace pour mieux respirer chez soi.<\/h2>\n<\/div>\n<\/div>\n\n\n\n<p><\/p>\n","protected":false},"excerpt":{"rendered":"<p>Respirez un air plus sain dans votre logement ou local professionnel Depuis 1993 , entreprise ERA intervient pour la pose, le d\u00e9pannage et l&#8217;entretien de VMC pour particulier et entreprises dans la r\u00e9gion Rh\u00f4ne alpes Installation de VMC simple autor\u00e9glable ou hygror\u00e9glable. Entretien et nettoyage de VMC bouches, gaines, moteur Remplacement de VMC d\u00e9fectueuse simple [&hellip;]<\/p>\n","protected":false},"author":1,"featured_media":0,"parent":0,"menu_order":0,"comment_status":"closed","ping_status":"closed","template":"superbaddons-page-template","meta":{"om_disable_all_campaigns":false,"footnotes":""},"class_list":["post-169","page","type-page","status-publish","hentry"],"aioseo_notices":[],"yoast_head":"<!-- This site is optimized with the Yoast SEO plugin v27.5 - https:\/\/yoast.com\/product\/yoast-seo-wordpress\/ -->\n<title>Ventilation VMC - Entreprise ERA<\/title>\n<meta name=\"description\" content=\"Entreprise ERA \u00e9lectricit\u00e9 g\u00e9n\u00e9rale situ\u00e9 \u00e0 GENAY, d\u00e9pannage et installation \u00e9lectrique pour particulier et professionnel\" \/>\n<meta name=\"robots\" content=\"index, follow, max-snippet:-1, max-image-preview:large, max-video-preview:-1\" \/>\n<link rel=\"canonical\" href=\"https:\/\/electricienera.fr\/?page_id=169\" \/>\n<meta property=\"og:locale\" content=\"fr_FR\" \/>\n<meta property=\"og:type\" content=\"article\" \/>\n<meta property=\"og:title\" content=\"Ventilation VMC - Entreprise ERA\" \/>\n<meta property=\"og:description\" content=\"Entreprise ERA \u00e9lectricit\u00e9 g\u00e9n\u00e9rale situ\u00e9 \u00e0 GENAY, d\u00e9pannage et installation \u00e9lectrique pour particulier et professionnel\" \/>\n<meta property=\"og:url\" content=\"https:\/\/electricienera.fr\/?page_id=169\" \/>\n<meta property=\"og:site_name\" content=\"Entreprise ERA\" \/>\n<meta property=\"article:modified_time\" content=\"2025-07-19T05:57:20+00:00\" \/>\n<meta property=\"og:image\" content=\"https:\/\/electricienera.fr\/wp-content\/uploads\/2025\/07\/20230322_085549-scaled.jpg\" \/>\n\t<meta property=\"og:image:width\" content=\"2560\" \/>\n\t<meta property=\"og:image:height\" content=\"2560\" \/>\n\t<meta property=\"og:image:type\" content=\"image\/jpeg\" \/>\n<meta name=\"twitter:card\" content=\"summary_large_image\" \/>\n<meta name=\"twitter:label1\" content=\"Dur\u00e9e de lecture estim\u00e9e\" \/>\n\t<meta name=\"twitter:data1\" content=\"2 minutes\" \/>\n<script type=\"application\/ld+json\" class=\"yoast-schema-graph\">{\"@context\":\"https:\\\/\\\/schema.org\",\"@graph\":[{\"@type\":\"WebPage\",\"@id\":\"https:\\\/\\\/electricienera.fr\\\/?page_id=169\",\"url\":\"https:\\\/\\\/electricienera.fr\\\/?page_id=169\",\"name\":\"Ventilation VMC - Entreprise ERA\",\"isPartOf\":{\"@id\":\"https:\\\/\\\/electricienera.fr\\\/#website\"},\"primaryImageOfPage\":{\"@id\":\"https:\\\/\\\/electricienera.fr\\\/?page_id=169#primaryimage\"},\"image\":{\"@id\":\"https:\\\/\\\/electricienera.fr\\\/?page_id=169#primaryimage\"},\"thumbnailUrl\":\"https:\\\/\\\/electricienera.fr\\\/wp-content\\\/uploads\\\/2025\\\/07\\\/20230322_085549-1024x1024.jpg\",\"datePublished\":\"2025-07-12T08:02:12+00:00\",\"dateModified\":\"2025-07-19T05:57:20+00:00\",\"description\":\"Entreprise ERA \u00e9lectricit\u00e9 g\u00e9n\u00e9rale situ\u00e9 \u00e0 GENAY, d\u00e9pannage et installation \u00e9lectrique pour particulier et professionnel\",\"breadcrumb\":{\"@id\":\"https:\\\/\\\/electricienera.fr\\\/?page_id=169#breadcrumb\"},\"inLanguage\":\"fr-FR\",\"potentialAction\":[{\"@type\":\"ReadAction\",\"target\":[\"https:\\\/\\\/electricienera.fr\\\/?page_id=169\"]}]},{\"@type\":\"ImageObject\",\"inLanguage\":\"fr-FR\",\"@id\":\"https:\\\/\\\/electricienera.fr\\\/?page_id=169#primaryimage\",\"url\":\"https:\\\/\\\/electricienera.fr\\\/wp-content\\\/uploads\\\/2025\\\/07\\\/20230322_085549-scaled.jpg\",\"contentUrl\":\"https:\\\/\\\/electricienera.fr\\\/wp-content\\\/uploads\\\/2025\\\/07\\\/20230322_085549-scaled.jpg\",\"width\":2560,\"height\":2560},{\"@type\":\"BreadcrumbList\",\"@id\":\"https:\\\/\\\/electricienera.fr\\\/?page_id=169#breadcrumb\",\"itemListElement\":[{\"@type\":\"ListItem\",\"position\":1,\"name\":\"Accueil\",\"item\":\"https:\\\/\\\/electricienera.fr\\\/\"},{\"@type\":\"ListItem\",\"position\":2,\"name\":\"Ventilation VMC\"}]},{\"@type\":\"WebSite\",\"@id\":\"https:\\\/\\\/electricienera.fr\\\/#website\",\"url\":\"https:\\\/\\\/electricienera.fr\\\/\",\"name\":\"Entreprise ERA\",\"description\":\"\u00e9lectricit\u00e9 g\u00e9n\u00e9rales depuis 1993\",\"publisher\":{\"@id\":\"https:\\\/\\\/electricienera.fr\\\/#organization\"},\"potentialAction\":[{\"@type\":\"SearchAction\",\"target\":{\"@type\":\"EntryPoint\",\"urlTemplate\":\"https:\\\/\\\/electricienera.fr\\\/?s={search_term_string}\"},\"query-input\":{\"@type\":\"PropertyValueSpecification\",\"valueRequired\":true,\"valueName\":\"search_term_string\"}}],\"inLanguage\":\"fr-FR\"},{\"@type\":\"Organization\",\"@id\":\"https:\\\/\\\/electricienera.fr\\\/#organization\",\"name\":\"Entreprise ERA\",\"url\":\"https:\\\/\\\/electricienera.fr\\\/\",\"logo\":{\"@type\":\"ImageObject\",\"inLanguage\":\"fr-FR\",\"@id\":\"https:\\\/\\\/electricienera.fr\\\/#\\\/schema\\\/logo\\\/image\\\/\",\"url\":\"https:\\\/\\\/electricienera.fr\\\/wp-content\\\/uploads\\\/2025\\\/07\\\/cropped-logo-electricien-2.jpg\",\"contentUrl\":\"https:\\\/\\\/electricienera.fr\\\/wp-content\\\/uploads\\\/2025\\\/07\\\/cropped-logo-electricien-2.jpg\",\"width\":512,\"height\":512,\"caption\":\"Entreprise ERA\"},\"image\":{\"@id\":\"https:\\\/\\\/electricienera.fr\\\/#\\\/schema\\\/logo\\\/image\\\/\"}}]}<\/script>\n<!-- \/ Yoast SEO plugin. -->","yoast_head_json":{"title":"Ventilation VMC - Entreprise ERA","description":"Entreprise ERA \u00e9lectricit\u00e9 g\u00e9n\u00e9rale situ\u00e9 \u00e0 GENAY, d\u00e9pannage et installation \u00e9lectrique pour particulier et professionnel","robots":{"index":"index","follow":"follow","max-snippet":"max-snippet:-1","max-image-preview":"max-image-preview:large","max-video-preview":"max-video-preview:-1"},"canonical":"https:\/\/electricienera.fr\/?page_id=169","og_locale":"fr_FR","og_type":"article","og_title":"Ventilation VMC - Entreprise ERA","og_description":"Entreprise ERA \u00e9lectricit\u00e9 g\u00e9n\u00e9rale situ\u00e9 \u00e0 GENAY, d\u00e9pannage et installation \u00e9lectrique pour particulier et professionnel","og_url":"https:\/\/electricienera.fr\/?page_id=169","og_site_name":"Entreprise ERA","article_modified_time":"2025-07-19T05:57:20+00:00","og_image":[{"width":2560,"height":2560,"url":"https:\/\/electricienera.fr\/wp-content\/uploads\/2025\/07\/20230322_085549-scaled.jpg","type":"image\/jpeg"}],"twitter_card":"summary_large_image","twitter_misc":{"Dur\u00e9e de lecture estim\u00e9e":"2 minutes"},"schema":{"@context":"https:\/\/schema.org","@graph":[{"@type":"WebPage","@id":"https:\/\/electricienera.fr\/?page_id=169","url":"https:\/\/electricienera.fr\/?page_id=169","name":"Ventilation VMC - Entreprise ERA","isPartOf":{"@id":"https:\/\/electricienera.fr\/#website"},"primaryImageOfPage":{"@id":"https:\/\/electricienera.fr\/?page_id=169#primaryimage"},"image":{"@id":"https:\/\/electricienera.fr\/?page_id=169#primaryimage"},"thumbnailUrl":"https:\/\/electricienera.fr\/wp-content\/uploads\/2025\/07\/20230322_085549-1024x1024.jpg","datePublished":"2025-07-12T08:02:12+00:00","dateModified":"2025-07-19T05:57:20+00:00","description":"Entreprise ERA \u00e9lectricit\u00e9 g\u00e9n\u00e9rale situ\u00e9 \u00e0 GENAY, d\u00e9pannage et installation \u00e9lectrique pour particulier et professionnel","breadcrumb":{"@id":"https:\/\/electricienera.fr\/?page_id=169#breadcrumb"},"inLanguage":"fr-FR","potentialAction":[{"@type":"ReadAction","target":["https:\/\/electricienera.fr\/?page_id=169"]}]},{"@type":"ImageObject","inLanguage":"fr-FR","@id":"https:\/\/electricienera.fr\/?page_id=169#primaryimage","url":"https:\/\/electricienera.fr\/wp-content\/uploads\/2025\/07\/20230322_085549-scaled.jpg","contentUrl":"https:\/\/electricienera.fr\/wp-content\/uploads\/2025\/07\/20230322_085549-scaled.jpg","width":2560,"height":2560},{"@type":"BreadcrumbList","@id":"https:\/\/electricienera.fr\/?page_id=169#breadcrumb","itemListElement":[{"@type":"ListItem","position":1,"name":"Accueil","item":"https:\/\/electricienera.fr\/"},{"@type":"ListItem","position":2,"name":"Ventilation VMC"}]},{"@type":"WebSite","@id":"https:\/\/electricienera.fr\/#website","url":"https:\/\/electricienera.fr\/","name":"Entreprise ERA","description":"\u00e9lectricit\u00e9 g\u00e9n\u00e9rales depuis 1993","publisher":{"@id":"https:\/\/electricienera.fr\/#organization"},"potentialAction":[{"@type":"SearchAction","target":{"@type":"EntryPoint","urlTemplate":"https:\/\/electricienera.fr\/?s={search_term_string}"},"query-input":{"@type":"PropertyValueSpecification","valueRequired":true,"valueName":"search_term_string"}}],"inLanguage":"fr-FR"},{"@type":"Organization","@id":"https:\/\/electricienera.fr\/#organization","name":"Entreprise ERA","url":"https:\/\/electricienera.fr\/","logo":{"@type":"ImageObject","inLanguage":"fr-FR","@id":"https:\/\/electricienera.fr\/#\/schema\/logo\/image\/","url":"https:\/\/electricienera.fr\/wp-content\/uploads\/2025\/07\/cropped-logo-electricien-2.jpg","contentUrl":"https:\/\/electricienera.fr\/wp-content\/uploads\/2025\/07\/cropped-logo-electricien-2.jpg","width":512,"height":512,"caption":"Entreprise ERA"},"image":{"@id":"https:\/\/electricienera.fr\/#\/schema\/logo\/image\/"}}]}},"_links":{"self":[{"href":"https:\/\/electricienera.fr\/index.php?rest_route=\/wp\/v2\/pages\/169","targetHints":{"allow":["GET"]}}],"collection":[{"href":"https:\/\/electricienera.fr\/index.php?rest_route=\/wp\/v2\/pages"}],"about":[{"href":"https:\/\/electricienera.fr\/index.php?rest_route=\/wp\/v2\/types\/page"}],"author":[{"embeddable":true,"href":"https:\/\/electricienera.fr\/index.php?rest_route=\/wp\/v2\/users\/1"}],"replies":[{"embeddable":true,"href":"https:\/\/electricienera.fr\/index.php?rest_route=%2Fwp%2Fv2%2Fcomments&post=169"}],"version-history":[{"count":25,"href":"https:\/\/electricienera.fr\/index.php?rest_route=\/wp\/v2\/pages\/169\/revisions"}],"predecessor-version":[{"id":660,"href":"https:\/\/electricienera.fr\/index.php?rest_route=\/wp\/v2\/pages\/169\/revisions\/660"}],"wp:attachment":[{"href":"https:\/\/electricienera.fr\/index.php?rest_route=%2Fwp%2Fv2%2Fmedia&parent=169"}],"curies":[{"name":"wp","href":"https:\/\/api.w.org\/{rel}","templated":true}]}}